{"id":4384,"date":"2021-11-29T20:11:33","date_gmt":"2021-11-29T19:11:33","guid":{"rendered":"https:\/\/ebcosmetica.it\/?post_type=product&#038;p=4384"},"modified":"2021-11-29T20:11:34","modified_gmt":"2021-11-29T19:11:34","slug":"boho","status":"publish","type":"product","link":"https:\/\/ebcosmetica.it\/?product=boho","title":{"rendered":"Boho"},"content":{"rendered":"<p>Mascara per uno sguardo intenso, duraturo e volumizzato. In una sola passata regala un effetto multidimensionale a 360 gradi. Le ciglia appaiono pi\u00f9 spesse, pi\u00f9 lunghe e arricciate con un incredibile allungamento e definizione. Ogni singola ciglia, anche la pi\u00f9 fine, viene separata con precisione e senza grumi.<\/p>\n<p>&#8211; Mascara per look boho-chic;<br \/>\n&#8211; Effetto multidimensionale a 360\u00b0 in una sola passata;<br \/>\n&#8211; Perfetta separazione e definizione delle ciglia.<\/p>\n<p>Cruelty-free &amp; Vegan. Formula prova di carbon black, parabeni, paraffina liquida e fragranze.<\/p>\n","protected":false},"excerpt":{"rendered":"<p>Mascara Effetto Panoramico<\/p>\n","protected":false},"featured_media":4377,"comment_status":"open","ping_status":"closed","template":"","meta":{"_monsterinsights_skip_tracking":false,"_monsterinsights_sitenote_active":false,"_monsterinsights_sitenote_note":"","_monsterinsights_sitenote_category":0},"product_brand":[207],"product_cat":[255],"product_tag":[380,379,371],"class_list":{"0":"post-4384","1":"product","2":"type-product","3":"status-publish","4":"has-post-thumbnail","6":"product_brand-mesauda-milano","7":"product_cat-mesauda-make-up-cosmetici","8":"product_tag-make-up","9":"product_tag-mascara","10":"product_tag-mesauda","12":"first","13":"instock","14":"taxable","15":"shipping-taxable","16":"purchasable","17":"product-type-simple"},"yoast_head":"<!-- This site is optimized with the Yoast SEO plugin v27.5 - https:\/\/yoast.com\/product\/yoast-seo-wordpress\/ -->\n<title>Boho - Prodotti per Estetica - EB Cosmetica Torino<\/title>\n<meta name=\"robots\" content=\"noindex, follow, max-snippet:-1, max-image-preview:large, max-video-preview:-1\" \/>\n<meta property=\"og:locale\" content=\"it_IT\" \/>\n<meta property=\"og:type\" content=\"article\" \/>\n<meta property=\"og:title\" content=\"Boho - Prodotti per Estetica - EB Cosmetica Torino\" \/>\n<meta property=\"og:description\" content=\"Mascara Effetto Panoramico\" \/>\n<meta property=\"og:url\" content=\"https:\/\/ebcosmetica.it\/fornitura-prodotti-estetica\/cosmetici-mesauda-make-up-unghie-e-nail-art\/mesauda-make-up-cosmetici\/boho\/\" \/>\n<meta property=\"og:site_name\" content=\"Prodotti per Estetica - EB Cosmetica Torino\" \/>\n<meta property=\"article:publisher\" content=\"https:\/\/it-it.facebook.com\/ebcosmetica\/\" \/>\n<meta property=\"article:modified_time\" content=\"2021-11-29T19:11:34+00:00\" \/>\n<meta property=\"og:image\" content=\"https:\/\/ebcosmetica.it\/wp-content\/uploads\/2021\/11\/mascara-effetto-panoramico.jpg\" \/>\n\t<meta property=\"og:image:width\" content=\"800\" \/>\n\t<meta property=\"og:image:height\" content=\"800\" \/>\n\t<meta property=\"og:image:type\" content=\"image\/jpeg\" \/>\n<meta name=\"twitter:card\" content=\"summary_large_image\" \/>\n<meta name=\"twitter:label1\" content=\"Tempo di lettura stimato\" \/>\n\t<meta name=\"twitter:data1\" content=\"1 minuto\" \/>\n<script type=\"application\/ld+json\" class=\"yoast-schema-graph\">{\"@context\":\"https:\\\/\\\/schema.org\",\"@graph\":[{\"@type\":\"WebPage\",\"@id\":\"https:\\\/\\\/ebcosmetica.it\\\/fornitura-prodotti-estetica\\\/cosmetici-mesauda-make-up-unghie-e-nail-art\\\/mesauda-make-up-cosmetici\\\/boho\\\/\",\"url\":\"https:\\\/\\\/ebcosmetica.it\\\/fornitura-prodotti-estetica\\\/cosmetici-mesauda-make-up-unghie-e-nail-art\\\/mesauda-make-up-cosmetici\\\/boho\\\/\",\"name\":\"Boho - Prodotti per Estetica - EB Cosmetica Torino\",\"isPartOf\":{\"@id\":\"https:\\\/\\\/ebcosmetica.it\\\/#website\"},\"primaryImageOfPage\":{\"@id\":\"https:\\\/\\\/ebcosmetica.it\\\/fornitura-prodotti-estetica\\\/cosmetici-mesauda-make-up-unghie-e-nail-art\\\/mesauda-make-up-cosmetici\\\/boho\\\/#primaryimage\"},\"image\":{\"@id\":\"https:\\\/\\\/ebcosmetica.it\\\/fornitura-prodotti-estetica\\\/cosmetici-mesauda-make-up-unghie-e-nail-art\\\/mesauda-make-up-cosmetici\\\/boho\\\/#primaryimage\"},\"thumbnailUrl\":\"https:\\\/\\\/ebcosmetica.it\\\/wp-content\\\/uploads\\\/2021\\\/11\\\/mascara-effetto-panoramico.jpg\",\"datePublished\":\"2021-11-29T19:11:33+00:00\",\"dateModified\":\"2021-11-29T19:11:34+00:00\",\"breadcrumb\":{\"@id\":\"https:\\\/\\\/ebcosmetica.it\\\/fornitura-prodotti-estetica\\\/cosmetici-mesauda-make-up-unghie-e-nail-art\\\/mesauda-make-up-cosmetici\\\/boho\\\/#breadcrumb\"},\"inLanguage\":\"it-IT\",\"potentialAction\":[{\"@type\":\"ReadAction\",\"target\":[\"https:\\\/\\\/ebcosmetica.it\\\/fornitura-prodotti-estetica\\\/cosmetici-mesauda-make-up-unghie-e-nail-art\\\/mesauda-make-up-cosmetici\\\/boho\\\/\"]}]},{\"@type\":\"ImageObject\",\"inLanguage\":\"it-IT\",\"@id\":\"https:\\\/\\\/ebcosmetica.it\\\/fornitura-prodotti-estetica\\\/cosmetici-mesauda-make-up-unghie-e-nail-art\\\/mesauda-make-up-cosmetici\\\/boho\\\/#primaryimage\",\"url\":\"https:\\\/\\\/ebcosmetica.it\\\/wp-content\\\/uploads\\\/2021\\\/11\\\/mascara-effetto-panoramico.jpg\",\"contentUrl\":\"https:\\\/\\\/ebcosmetica.it\\\/wp-content\\\/uploads\\\/2021\\\/11\\\/mascara-effetto-panoramico.jpg\",\"width\":800,\"height\":800},{\"@type\":\"BreadcrumbList\",\"@id\":\"https:\\\/\\\/ebcosmetica.it\\\/fornitura-prodotti-estetica\\\/cosmetici-mesauda-make-up-unghie-e-nail-art\\\/mesauda-make-up-cosmetici\\\/boho\\\/#breadcrumb\",\"itemListElement\":[{\"@type\":\"ListItem\",\"position\":1,\"name\":\"Home\",\"item\":\"https:\\\/\\\/ebcosmetica.it\\\/\"},{\"@type\":\"ListItem\",\"position\":2,\"name\":\"Shop\",\"item\":\"https:\\\/\\\/ebcosmetica.it\\\/?page_id=3503\"},{\"@type\":\"ListItem\",\"position\":3,\"name\":\"Boho\"}]},{\"@type\":\"WebSite\",\"@id\":\"https:\\\/\\\/ebcosmetica.it\\\/#website\",\"url\":\"https:\\\/\\\/ebcosmetica.it\\\/\",\"name\":\"Prodotti per Estetica - EB Cosmetica Torino\",\"description\":\"prodotti per l&#039;estetica - ingrosso e dettaglio\",\"publisher\":{\"@id\":\"https:\\\/\\\/ebcosmetica.it\\\/#organization\"},\"potentialAction\":[{\"@type\":\"SearchAction\",\"target\":{\"@type\":\"EntryPoint\",\"urlTemplate\":\"https:\\\/\\\/ebcosmetica.it\\\/?s={search_term_string}\"},\"query-input\":{\"@type\":\"PropertyValueSpecification\",\"valueRequired\":true,\"valueName\":\"search_term_string\"}}],\"inLanguage\":\"it-IT\"},{\"@type\":\"Organization\",\"@id\":\"https:\\\/\\\/ebcosmetica.it\\\/#organization\",\"name\":\"EB COSMETICA Srl\",\"url\":\"https:\\\/\\\/ebcosmetica.it\\\/\",\"logo\":{\"@type\":\"ImageObject\",\"inLanguage\":\"it-IT\",\"@id\":\"https:\\\/\\\/ebcosmetica.it\\\/#\\\/schema\\\/logo\\\/image\\\/\",\"url\":\"https:\\\/\\\/ebcosmetica.it\\\/wp-content\\\/uploads\\\/2018\\\/10\\\/ebcosmetica_logo.png\",\"contentUrl\":\"https:\\\/\\\/ebcosmetica.it\\\/wp-content\\\/uploads\\\/2018\\\/10\\\/ebcosmetica_logo.png\",\"width\":500,\"height\":240,\"caption\":\"EB COSMETICA Srl\"},\"image\":{\"@id\":\"https:\\\/\\\/ebcosmetica.it\\\/#\\\/schema\\\/logo\\\/image\\\/\"},\"sameAs\":[\"https:\\\/\\\/it-it.facebook.com\\\/ebcosmetica\\\/\"]}]}<\/script>\n<!-- \/ Yoast SEO plugin. -->","yoast_head_json":{"title":"Boho - Prodotti per Estetica - EB Cosmetica Torino","robots":{"index":"noindex","follow":"follow","max-snippet":"max-snippet:-1","max-image-preview":"max-image-preview:large","max-video-preview":"max-video-preview:-1"},"og_locale":"it_IT","og_type":"article","og_title":"Boho - Prodotti per Estetica - EB Cosmetica Torino","og_description":"Mascara Effetto Panoramico","og_url":"https:\/\/ebcosmetica.it\/fornitura-prodotti-estetica\/cosmetici-mesauda-make-up-unghie-e-nail-art\/mesauda-make-up-cosmetici\/boho\/","og_site_name":"Prodotti per Estetica - EB Cosmetica Torino","article_publisher":"https:\/\/it-it.facebook.com\/ebcosmetica\/","article_modified_time":"2021-11-29T19:11:34+00:00","og_image":[{"width":800,"height":800,"url":"https:\/\/ebcosmetica.it\/wp-content\/uploads\/2021\/11\/mascara-effetto-panoramico.jpg","type":"image\/jpeg"}],"twitter_card":"summary_large_image","twitter_misc":{"Tempo di lettura stimato":"1 minuto"},"schema":{"@context":"https:\/\/schema.org","@graph":[{"@type":"WebPage","@id":"https:\/\/ebcosmetica.it\/fornitura-prodotti-estetica\/cosmetici-mesauda-make-up-unghie-e-nail-art\/mesauda-make-up-cosmetici\/boho\/","url":"https:\/\/ebcosmetica.it\/fornitura-prodotti-estetica\/cosmetici-mesauda-make-up-unghie-e-nail-art\/mesauda-make-up-cosmetici\/boho\/","name":"Boho - Prodotti per Estetica - EB Cosmetica Torino","isPartOf":{"@id":"https:\/\/ebcosmetica.it\/#website"},"primaryImageOfPage":{"@id":"https:\/\/ebcosmetica.it\/fornitura-prodotti-estetica\/cosmetici-mesauda-make-up-unghie-e-nail-art\/mesauda-make-up-cosmetici\/boho\/#primaryimage"},"image":{"@id":"https:\/\/ebcosmetica.it\/fornitura-prodotti-estetica\/cosmetici-mesauda-make-up-unghie-e-nail-art\/mesauda-make-up-cosmetici\/boho\/#primaryimage"},"thumbnailUrl":"https:\/\/ebcosmetica.it\/wp-content\/uploads\/2021\/11\/mascara-effetto-panoramico.jpg","datePublished":"2021-11-29T19:11:33+00:00","dateModified":"2021-11-29T19:11:34+00:00","breadcrumb":{"@id":"https:\/\/ebcosmetica.it\/fornitura-prodotti-estetica\/cosmetici-mesauda-make-up-unghie-e-nail-art\/mesauda-make-up-cosmetici\/boho\/#breadcrumb"},"inLanguage":"it-IT","potentialAction":[{"@type":"ReadAction","target":["https:\/\/ebcosmetica.it\/fornitura-prodotti-estetica\/cosmetici-mesauda-make-up-unghie-e-nail-art\/mesauda-make-up-cosmetici\/boho\/"]}]},{"@type":"ImageObject","inLanguage":"it-IT","@id":"https:\/\/ebcosmetica.it\/fornitura-prodotti-estetica\/cosmetici-mesauda-make-up-unghie-e-nail-art\/mesauda-make-up-cosmetici\/boho\/#primaryimage","url":"https:\/\/ebcosmetica.it\/wp-content\/uploads\/2021\/11\/mascara-effetto-panoramico.jpg","contentUrl":"https:\/\/ebcosmetica.it\/wp-content\/uploads\/2021\/11\/mascara-effetto-panoramico.jpg","width":800,"height":800},{"@type":"BreadcrumbList","@id":"https:\/\/ebcosmetica.it\/fornitura-prodotti-estetica\/cosmetici-mesauda-make-up-unghie-e-nail-art\/mesauda-make-up-cosmetici\/boho\/#breadcrumb","itemListElement":[{"@type":"ListItem","position":1,"name":"Home","item":"https:\/\/ebcosmetica.it\/"},{"@type":"ListItem","position":2,"name":"Shop","item":"https:\/\/ebcosmetica.it\/?page_id=3503"},{"@type":"ListItem","position":3,"name":"Boho"}]},{"@type":"WebSite","@id":"https:\/\/ebcosmetica.it\/#website","url":"https:\/\/ebcosmetica.it\/","name":"Prodotti per Estetica - EB Cosmetica Torino","description":"prodotti per l&#039;estetica - ingrosso e dettaglio","publisher":{"@id":"https:\/\/ebcosmetica.it\/#organization"},"potentialAction":[{"@type":"SearchAction","target":{"@type":"EntryPoint","urlTemplate":"https:\/\/ebcosmetica.it\/?s={search_term_string}"},"query-input":{"@type":"PropertyValueSpecification","valueRequired":true,"valueName":"search_term_string"}}],"inLanguage":"it-IT"},{"@type":"Organization","@id":"https:\/\/ebcosmetica.it\/#organization","name":"EB COSMETICA Srl","url":"https:\/\/ebcosmetica.it\/","logo":{"@type":"ImageObject","inLanguage":"it-IT","@id":"https:\/\/ebcosmetica.it\/#\/schema\/logo\/image\/","url":"https:\/\/ebcosmetica.it\/wp-content\/uploads\/2018\/10\/ebcosmetica_logo.png","contentUrl":"https:\/\/ebcosmetica.it\/wp-content\/uploads\/2018\/10\/ebcosmetica_logo.png","width":500,"height":240,"caption":"EB COSMETICA Srl"},"image":{"@id":"https:\/\/ebcosmetica.it\/#\/schema\/logo\/image\/"},"sameAs":["https:\/\/it-it.facebook.com\/ebcosmetica\/"]}]}},"_links":{"self":[{"href":"https:\/\/ebcosmetica.it\/index.php?rest_route=\/wp\/v2\/product\/4384","targetHints":{"allow":["GET"]}}],"collection":[{"href":"https:\/\/ebcosmetica.it\/index.php?rest_route=\/wp\/v2\/product"}],"about":[{"href":"https:\/\/ebcosmetica.it\/index.php?rest_route=\/wp\/v2\/types\/product"}],"replies":[{"embeddable":true,"href":"https:\/\/ebcosmetica.it\/index.php?rest_route=%2Fwp%2Fv2%2Fcomments&post=4384"}],"wp:featuredmedia":[{"embeddable":true,"href":"https:\/\/ebcosmetica.it\/index.php?rest_route=\/wp\/v2\/media\/4377"}],"wp:attachment":[{"href":"https:\/\/ebcosmetica.it\/index.php?rest_route=%2Fwp%2Fv2%2Fmedia&parent=4384"}],"wp:term":[{"taxonomy":"product_brand","embeddable":true,"href":"https:\/\/ebcosmetica.it\/index.php?rest_route=%2Fwp%2Fv2%2Fproduct_brand&post=4384"},{"taxonomy":"product_cat","embeddable":true,"href":"https:\/\/ebcosmetica.it\/index.php?rest_route=%2Fwp%2Fv2%2Fproduct_cat&post=4384"},{"taxonomy":"product_tag","embeddable":true,"href":"https:\/\/ebcosmetica.it\/index.php?rest_route=%2Fwp%2Fv2%2Fproduct_tag&post=4384"}],"curies":[{"name":"wp","href":"https:\/\/api.w.org\/{rel}","templated":true}]}}