{"id":4372,"date":"2021-11-29T19:19:48","date_gmt":"2021-11-29T18:19:48","guid":{"rendered":"https:\/\/ebcosmetica.it\/?post_type=product&#038;p=4372"},"modified":"2021-11-29T19:19:49","modified_gmt":"2021-11-29T18:19:49","slug":"cafe","status":"publish","type":"product","link":"https:\/\/ebcosmetica.it\/?product=cafe","title":{"rendered":"Caf\u00e8"},"content":{"rendered":"<p>Rossetto matte in stylo dal rilascio colore immediato ed omogeneo. Veste le labbra con tonalit\u00e0 piene e coprenti fin dalla prima applicazione. La formula no transfer \u00e8 estremamente morbida e confortevole, si stende facilmente per labbra sensuali ed audaci. La formula \u00e8 arricchita con BURRO DI CAPUA\u00c7U: derivato dai semi dell\u2019albero amazzonico di Capua\u00e7u, un albero della famiglia delle Malvaceae. In spagnolo si chiama anche cacao blanco, ovvero cacao bianco, perch\u00e9 effettivamente il prodotto si presenta come cioccolato bianco. Ha un alto contenuto di fitosteroli ad azione riparatrice e nutriente di labbra secche e danneggiate, e polifenoli che aiutano a contrastare i radicali liberi.<\/p>\n<p>&#8211; Rossetto matte colore pieno e immediato ;<br \/>\n&#8211; Tenuta Fino A 10h;<br \/>\n&#8211; Water Resistant.<\/p>\n<p>Cruelty free &amp; Vegan. Formula priva di parabeni e paraffina liquida.<\/p>\n","protected":false},"excerpt":{"rendered":"<p>Rossetto Stylo Matte<\/p>\n","protected":false},"featured_media":4374,"comment_status":"open","ping_status":"closed","template":"","meta":{"_monsterinsights_skip_tracking":false,"_monsterinsights_sitenote_active":false,"_monsterinsights_sitenote_note":"","_monsterinsights_sitenote_category":0},"product_brand":[207],"product_cat":[255],"product_tag":[376,371,375],"class_list":{"0":"post-4372","1":"product","2":"type-product","3":"status-publish","4":"has-post-thumbnail","6":"product_brand-mesauda-milano","7":"product_cat-mesauda-make-up-cosmetici","8":"product_tag-cafe","9":"product_tag-mesauda","10":"product_tag-rossetto","12":"first","13":"instock","14":"taxable","15":"shipping-taxable","16":"purchasable","17":"product-type-simple"},"yoast_head":"<!-- This site is optimized with the Yoast SEO plugin v27.5 - https:\/\/yoast.com\/product\/yoast-seo-wordpress\/ -->\n<title>Caf\u00e8 - Prodotti per Estetica - EB Cosmetica Torino<\/title>\n<meta name=\"robots\" content=\"noindex, follow, max-snippet:-1, max-image-preview:large, max-video-preview:-1\" \/>\n<meta property=\"og:locale\" content=\"it_IT\" \/>\n<meta property=\"og:type\" content=\"article\" \/>\n<meta property=\"og:title\" content=\"Caf\u00e8 - Prodotti per Estetica - EB Cosmetica Torino\" \/>\n<meta property=\"og:description\" content=\"Rossetto Stylo Matte\" \/>\n<meta property=\"og:url\" content=\"https:\/\/ebcosmetica.it\/fornitura-prodotti-estetica\/cosmetici-mesauda-make-up-unghie-e-nail-art\/mesauda-make-up-cosmetici\/cafe\/\" \/>\n<meta property=\"og:site_name\" content=\"Prodotti per Estetica - EB Cosmetica Torino\" \/>\n<meta property=\"article:publisher\" content=\"https:\/\/it-it.facebook.com\/ebcosmetica\/\" \/>\n<meta property=\"article:modified_time\" content=\"2021-11-29T18:19:49+00:00\" \/>\n<meta property=\"og:image\" content=\"https:\/\/ebcosmetica.it\/wp-content\/uploads\/2021\/11\/CAFfe.jpg\" \/>\n\t<meta property=\"og:image:width\" content=\"2000\" \/>\n\t<meta property=\"og:image:height\" content=\"2000\" \/>\n\t<meta property=\"og:image:type\" content=\"image\/jpeg\" \/>\n<meta name=\"twitter:card\" content=\"summary_large_image\" \/>\n<meta name=\"twitter:label1\" content=\"Tempo di lettura stimato\" \/>\n\t<meta name=\"twitter:data1\" content=\"1 minuto\" \/>\n<script type=\"application\/ld+json\" class=\"yoast-schema-graph\">{\"@context\":\"https:\\\/\\\/schema.org\",\"@graph\":[{\"@type\":\"WebPage\",\"@id\":\"https:\\\/\\\/ebcosmetica.it\\\/fornitura-prodotti-estetica\\\/cosmetici-mesauda-make-up-unghie-e-nail-art\\\/mesauda-make-up-cosmetici\\\/cafe\\\/\",\"url\":\"https:\\\/\\\/ebcosmetica.it\\\/fornitura-prodotti-estetica\\\/cosmetici-mesauda-make-up-unghie-e-nail-art\\\/mesauda-make-up-cosmetici\\\/cafe\\\/\",\"name\":\"Caf\u00e8 - Prodotti per Estetica - EB Cosmetica Torino\",\"isPartOf\":{\"@id\":\"https:\\\/\\\/ebcosmetica.it\\\/#website\"},\"primaryImageOfPage\":{\"@id\":\"https:\\\/\\\/ebcosmetica.it\\\/fornitura-prodotti-estetica\\\/cosmetici-mesauda-make-up-unghie-e-nail-art\\\/mesauda-make-up-cosmetici\\\/cafe\\\/#primaryimage\"},\"image\":{\"@id\":\"https:\\\/\\\/ebcosmetica.it\\\/fornitura-prodotti-estetica\\\/cosmetici-mesauda-make-up-unghie-e-nail-art\\\/mesauda-make-up-cosmetici\\\/cafe\\\/#primaryimage\"},\"thumbnailUrl\":\"https:\\\/\\\/ebcosmetica.it\\\/wp-content\\\/uploads\\\/2021\\\/11\\\/CAFfe.jpg\",\"datePublished\":\"2021-11-29T18:19:48+00:00\",\"dateModified\":\"2021-11-29T18:19:49+00:00\",\"breadcrumb\":{\"@id\":\"https:\\\/\\\/ebcosmetica.it\\\/fornitura-prodotti-estetica\\\/cosmetici-mesauda-make-up-unghie-e-nail-art\\\/mesauda-make-up-cosmetici\\\/cafe\\\/#breadcrumb\"},\"inLanguage\":\"it-IT\",\"potentialAction\":[{\"@type\":\"ReadAction\",\"target\":[\"https:\\\/\\\/ebcosmetica.it\\\/fornitura-prodotti-estetica\\\/cosmetici-mesauda-make-up-unghie-e-nail-art\\\/mesauda-make-up-cosmetici\\\/cafe\\\/\"]}]},{\"@type\":\"ImageObject\",\"inLanguage\":\"it-IT\",\"@id\":\"https:\\\/\\\/ebcosmetica.it\\\/fornitura-prodotti-estetica\\\/cosmetici-mesauda-make-up-unghie-e-nail-art\\\/mesauda-make-up-cosmetici\\\/cafe\\\/#primaryimage\",\"url\":\"https:\\\/\\\/ebcosmetica.it\\\/wp-content\\\/uploads\\\/2021\\\/11\\\/CAFfe.jpg\",\"contentUrl\":\"https:\\\/\\\/ebcosmetica.it\\\/wp-content\\\/uploads\\\/2021\\\/11\\\/CAFfe.jpg\",\"width\":2000,\"height\":2000},{\"@type\":\"BreadcrumbList\",\"@id\":\"https:\\\/\\\/ebcosmetica.it\\\/fornitura-prodotti-estetica\\\/cosmetici-mesauda-make-up-unghie-e-nail-art\\\/mesauda-make-up-cosmetici\\\/cafe\\\/#breadcrumb\",\"itemListElement\":[{\"@type\":\"ListItem\",\"position\":1,\"name\":\"Home\",\"item\":\"https:\\\/\\\/ebcosmetica.it\\\/\"},{\"@type\":\"ListItem\",\"position\":2,\"name\":\"Shop\",\"item\":\"https:\\\/\\\/ebcosmetica.it\\\/?page_id=3503\"},{\"@type\":\"ListItem\",\"position\":3,\"name\":\"Caf\u00e8\"}]},{\"@type\":\"WebSite\",\"@id\":\"https:\\\/\\\/ebcosmetica.it\\\/#website\",\"url\":\"https:\\\/\\\/ebcosmetica.it\\\/\",\"name\":\"Prodotti per Estetica - EB Cosmetica Torino\",\"description\":\"prodotti per l&#039;estetica - ingrosso e dettaglio\",\"publisher\":{\"@id\":\"https:\\\/\\\/ebcosmetica.it\\\/#organization\"},\"potentialAction\":[{\"@type\":\"SearchAction\",\"target\":{\"@type\":\"EntryPoint\",\"urlTemplate\":\"https:\\\/\\\/ebcosmetica.it\\\/?s={search_term_string}\"},\"query-input\":{\"@type\":\"PropertyValueSpecification\",\"valueRequired\":true,\"valueName\":\"search_term_string\"}}],\"inLanguage\":\"it-IT\"},{\"@type\":\"Organization\",\"@id\":\"https:\\\/\\\/ebcosmetica.it\\\/#organization\",\"name\":\"EB COSMETICA Srl\",\"url\":\"https:\\\/\\\/ebcosmetica.it\\\/\",\"logo\":{\"@type\":\"ImageObject\",\"inLanguage\":\"it-IT\",\"@id\":\"https:\\\/\\\/ebcosmetica.it\\\/#\\\/schema\\\/logo\\\/image\\\/\",\"url\":\"https:\\\/\\\/ebcosmetica.it\\\/wp-content\\\/uploads\\\/2018\\\/10\\\/ebcosmetica_logo.png\",\"contentUrl\":\"https:\\\/\\\/ebcosmetica.it\\\/wp-content\\\/uploads\\\/2018\\\/10\\\/ebcosmetica_logo.png\",\"width\":500,\"height\":240,\"caption\":\"EB COSMETICA Srl\"},\"image\":{\"@id\":\"https:\\\/\\\/ebcosmetica.it\\\/#\\\/schema\\\/logo\\\/image\\\/\"},\"sameAs\":[\"https:\\\/\\\/it-it.facebook.com\\\/ebcosmetica\\\/\"]}]}<\/script>\n<!-- \/ Yoast SEO plugin. -->","yoast_head_json":{"title":"Caf\u00e8 - Prodotti per Estetica - EB Cosmetica Torino","robots":{"index":"noindex","follow":"follow","max-snippet":"max-snippet:-1","max-image-preview":"max-image-preview:large","max-video-preview":"max-video-preview:-1"},"og_locale":"it_IT","og_type":"article","og_title":"Caf\u00e8 - Prodotti per Estetica - EB Cosmetica Torino","og_description":"Rossetto Stylo Matte","og_url":"https:\/\/ebcosmetica.it\/fornitura-prodotti-estetica\/cosmetici-mesauda-make-up-unghie-e-nail-art\/mesauda-make-up-cosmetici\/cafe\/","og_site_name":"Prodotti per Estetica - EB Cosmetica Torino","article_publisher":"https:\/\/it-it.facebook.com\/ebcosmetica\/","article_modified_time":"2021-11-29T18:19:49+00:00","og_image":[{"width":2000,"height":2000,"url":"https:\/\/ebcosmetica.it\/wp-content\/uploads\/2021\/11\/CAFfe.jpg","type":"image\/jpeg"}],"twitter_card":"summary_large_image","twitter_misc":{"Tempo di lettura stimato":"1 minuto"},"schema":{"@context":"https:\/\/schema.org","@graph":[{"@type":"WebPage","@id":"https:\/\/ebcosmetica.it\/fornitura-prodotti-estetica\/cosmetici-mesauda-make-up-unghie-e-nail-art\/mesauda-make-up-cosmetici\/cafe\/","url":"https:\/\/ebcosmetica.it\/fornitura-prodotti-estetica\/cosmetici-mesauda-make-up-unghie-e-nail-art\/mesauda-make-up-cosmetici\/cafe\/","name":"Caf\u00e8 - Prodotti per Estetica - EB Cosmetica Torino","isPartOf":{"@id":"https:\/\/ebcosmetica.it\/#website"},"primaryImageOfPage":{"@id":"https:\/\/ebcosmetica.it\/fornitura-prodotti-estetica\/cosmetici-mesauda-make-up-unghie-e-nail-art\/mesauda-make-up-cosmetici\/cafe\/#primaryimage"},"image":{"@id":"https:\/\/ebcosmetica.it\/fornitura-prodotti-estetica\/cosmetici-mesauda-make-up-unghie-e-nail-art\/mesauda-make-up-cosmetici\/cafe\/#primaryimage"},"thumbnailUrl":"https:\/\/ebcosmetica.it\/wp-content\/uploads\/2021\/11\/CAFfe.jpg","datePublished":"2021-11-29T18:19:48+00:00","dateModified":"2021-11-29T18:19:49+00:00","breadcrumb":{"@id":"https:\/\/ebcosmetica.it\/fornitura-prodotti-estetica\/cosmetici-mesauda-make-up-unghie-e-nail-art\/mesauda-make-up-cosmetici\/cafe\/#breadcrumb"},"inLanguage":"it-IT","potentialAction":[{"@type":"ReadAction","target":["https:\/\/ebcosmetica.it\/fornitura-prodotti-estetica\/cosmetici-mesauda-make-up-unghie-e-nail-art\/mesauda-make-up-cosmetici\/cafe\/"]}]},{"@type":"ImageObject","inLanguage":"it-IT","@id":"https:\/\/ebcosmetica.it\/fornitura-prodotti-estetica\/cosmetici-mesauda-make-up-unghie-e-nail-art\/mesauda-make-up-cosmetici\/cafe\/#primaryimage","url":"https:\/\/ebcosmetica.it\/wp-content\/uploads\/2021\/11\/CAFfe.jpg","contentUrl":"https:\/\/ebcosmetica.it\/wp-content\/uploads\/2021\/11\/CAFfe.jpg","width":2000,"height":2000},{"@type":"BreadcrumbList","@id":"https:\/\/ebcosmetica.it\/fornitura-prodotti-estetica\/cosmetici-mesauda-make-up-unghie-e-nail-art\/mesauda-make-up-cosmetici\/cafe\/#breadcrumb","itemListElement":[{"@type":"ListItem","position":1,"name":"Home","item":"https:\/\/ebcosmetica.it\/"},{"@type":"ListItem","position":2,"name":"Shop","item":"https:\/\/ebcosmetica.it\/?page_id=3503"},{"@type":"ListItem","position":3,"name":"Caf\u00e8"}]},{"@type":"WebSite","@id":"https:\/\/ebcosmetica.it\/#website","url":"https:\/\/ebcosmetica.it\/","name":"Prodotti per Estetica - EB Cosmetica Torino","description":"prodotti per l&#039;estetica - ingrosso e dettaglio","publisher":{"@id":"https:\/\/ebcosmetica.it\/#organization"},"potentialAction":[{"@type":"SearchAction","target":{"@type":"EntryPoint","urlTemplate":"https:\/\/ebcosmetica.it\/?s={search_term_string}"},"query-input":{"@type":"PropertyValueSpecification","valueRequired":true,"valueName":"search_term_string"}}],"inLanguage":"it-IT"},{"@type":"Organization","@id":"https:\/\/ebcosmetica.it\/#organization","name":"EB COSMETICA Srl","url":"https:\/\/ebcosmetica.it\/","logo":{"@type":"ImageObject","inLanguage":"it-IT","@id":"https:\/\/ebcosmetica.it\/#\/schema\/logo\/image\/","url":"https:\/\/ebcosmetica.it\/wp-content\/uploads\/2018\/10\/ebcosmetica_logo.png","contentUrl":"https:\/\/ebcosmetica.it\/wp-content\/uploads\/2018\/10\/ebcosmetica_logo.png","width":500,"height":240,"caption":"EB COSMETICA Srl"},"image":{"@id":"https:\/\/ebcosmetica.it\/#\/schema\/logo\/image\/"},"sameAs":["https:\/\/it-it.facebook.com\/ebcosmetica\/"]}]}},"_links":{"self":[{"href":"https:\/\/ebcosmetica.it\/index.php?rest_route=\/wp\/v2\/product\/4372","targetHints":{"allow":["GET"]}}],"collection":[{"href":"https:\/\/ebcosmetica.it\/index.php?rest_route=\/wp\/v2\/product"}],"about":[{"href":"https:\/\/ebcosmetica.it\/index.php?rest_route=\/wp\/v2\/types\/product"}],"replies":[{"embeddable":true,"href":"https:\/\/ebcosmetica.it\/index.php?rest_route=%2Fwp%2Fv2%2Fcomments&post=4372"}],"wp:featuredmedia":[{"embeddable":true,"href":"https:\/\/ebcosmetica.it\/index.php?rest_route=\/wp\/v2\/media\/4374"}],"wp:attachment":[{"href":"https:\/\/ebcosmetica.it\/index.php?rest_route=%2Fwp%2Fv2%2Fmedia&parent=4372"}],"wp:term":[{"taxonomy":"product_brand","embeddable":true,"href":"https:\/\/ebcosmetica.it\/index.php?rest_route=%2Fwp%2Fv2%2Fproduct_brand&post=4372"},{"taxonomy":"product_cat","embeddable":true,"href":"https:\/\/ebcosmetica.it\/index.php?rest_route=%2Fwp%2Fv2%2Fproduct_cat&post=4372"},{"taxonomy":"product_tag","embeddable":true,"href":"https:\/\/ebcosmetica.it\/index.php?rest_route=%2Fwp%2Fv2%2Fproduct_tag&post=4372"}],"curies":[{"name":"wp","href":"https:\/\/api.w.org\/{rel}","templated":true}]}}