{"id":3735,"date":"2021-03-23T15:56:08","date_gmt":"2021-03-23T15:56:08","guid":{"rendered":"https:\/\/ebcosmetica.it\/?page_id=3735"},"modified":"2021-12-16T21:43:02","modified_gmt":"2021-12-16T20:43:02","slug":"contatti","status":"publish","type":"page","link":"https:\/\/ebcosmetica.it\/?page_id=3735","title":{"rendered":"Contatti"},"content":{"rendered":"<div class=\"wpb-content-wrapper\"><p>[vc_row fullwidth=&#8221;1&#8243;][vc_column][vc_gmaps link=&#8221;#E-8_JTNDaWZyYW1lJTIwc3JjJTNEJTIyaHR0cHMlM0ElMkYlMkZ3d3cuZ29vZ2xlLmNvbSUyRm1hcHMlMkZlbWJlZCUzRnBiJTNEJTIxMW0xOCUyMTFtMTIlMjExbTMlMjExZDI4MTguMjQ4NTkzNjU0OTQ5JTIxMmQ3LjY4MzkwMTQxNTU0Mzk4JTIxM2Q0NS4wNjA0Njc5NzkwOTgyMDYlMjEybTMlMjExZjAlMjEyZjAlMjEzZjAlMjEzbTIlMjExaTEwMjQlMjEyaTc2OCUyMTRmMTMuMSUyMTNtMyUyMTFtMiUyMTFzMHg0Nzg4NmQzNTFkMTJjYjdmJTI1M0EweGE3NDFhYzQxZDcxMDIwNjYlMjEyc0VCJTI1MjBDb3NtZXRpY2ElMjE1ZTAlMjEzbTIlMjExc2l0JTIxMnNpdCUyMTR2MTYxNjUxOTY4OTE3NSUyMTVtMiUyMTFzaXQlMjEyc2l0JTIyJTIwd2lkdGglM0QlMjI2MDAlMjIlMjBoZWlnaHQlM0QlMjI0NTAlMjIlMjBzdHlsZSUzRCUyMmJvcmRlciUzQTAlM0IlMjIlMjBhbGxvd2Z1bGxzY3JlZW4lM0QlMjJ5ZXMlMjIlMjBsb2FkaW5nJTNEJTIybGF6eSUyMiUzRSUzQyUyRmlmcmFtZSUzRQ==&#8221;][\/vc_column][\/vc_row][vc_row fullwidth=&#8221;1&#8243; css=&#8221;.vc_custom_1616520333644{margin-top: 30px !important;margin-bottom: 50px !important;}&#8221;][vc_column width=&#8221;1\/6&#8243; offset=&#8221;vc_hidden-xs&#8221;][vc_empty_space][\/vc_column][vc_column width=&#8221;2\/3&#8243;][vc_column_text]<\/p>\n<h1 style=\"text-align: center;\">Siamo un&#8217;azienda giovane<br \/>\nnata dall&#8217;esperienza pluriennale nel settore dell&#8217;estetica<\/h1>\n<p style=\"text-align: center;\">Da pi\u00f9 di 30 anni ci prendiamo cura della vostra bellezza. La professionalit\u00e0 e l&#8217;esperienza pluriennale nel settore dell&#8217;estetica, direttamente e comodamente a casa vostra! Eb Cosmetica \u00e8 un&#8217;azienda dinamica sempre pronta alle nuove tendenze e ai cambiamenti nel settore dell&#8217;estetica. Grazie alla pluriennale esperienza Eb Cosmetica sar\u00e0 in grado di soddisfare qualsiasi tipo di esigenza, dai grandi centri estetici, al cliente privato che desidera prendersi cura di se stesso.<\/p>\n<p>[\/vc_column_text][\/vc_column][vc_column width=&#8221;1\/6&#8243; offset=&#8221;vc_hidden-xs&#8221;][vc_empty_space][\/vc_column][\/vc_row][vc_row fullwidth=&#8221;1&#8243; css=&#8221;.vc_custom_1616517441010{margin-bottom: 30px !important;}&#8221;][vc_column width=&#8221;1\/6&#8243; offset=&#8221;vc_hidden-xs&#8221;][vc_empty_space][\/vc_column][vc_column width=&#8221;2\/3&#8243;][vc_row_inner][vc_column_inner width=&#8221;1\/3&#8243;][vc_column_text]<\/p>\n<p style=\"text-align: center;\"><i class=\"fas\" style=\"font-size: 54px; color: #fff; border-radius: 100%; background: #b0004f; padding: 10px; text-align: center;\">\uf015<\/i><\/p>\n<h1 style=\"font-size: 30px; font-weight: 400; margin-bottom: 0px; text-align: center;\">Vieni a trovarci!<\/h1>\n<h2 style=\"font-size: 18px; font-weight: 300; margin-top: 0px; text-align: center;\">EB COSMETICA Srl<br \/>\nCorso Vittorio Emanuele II, 28\/b<br \/>\n10123 TORINO<\/h2>\n<p>[\/vc_column_text][\/vc_column_inner][vc_column_inner width=&#8221;1\/3&#8243;][vc_column_text]<\/p>\n<p style=\"text-align: center;\"><i class=\"fas\" style=\"font-size: 44px; color: #fff; border-radius: 100%; background: #b0004f; padding: 15px; text-align: center;\">\uf095<\/i><\/p>\n<h1 style=\"font-size: 30px; font-weight: 400; margin-bottom: 0px; text-align: center;\">Chiama Subito!<\/h1>\n<h2 style=\"font-size: 18px; font-weight: 300; margin-top: 0px; text-align: center;\">tel. 011 389756<br \/>\nmob. 375 5176917<br \/>\n<a href=\"mailto:info@ebcosmetica.it\">info@ebcosmetica.it<\/a><\/h2>\n<p>[\/vc_column_text][\/vc_column_inner][vc_column_inner width=&#8221;1\/3&#8243;][vc_column_text]<\/p>\n<p style=\"text-align: center;\"><i class=\"fas\" style=\"font-size: 54px; color: #fff; border-radius: 100%; background: #b0004f; padding: 10px; text-align: center;\">\uf017<\/i><\/p>\n<h1 style=\"font-size: 30px; font-weight: 400; margin-bottom: 0px; text-align: center;\">Orari negozio<\/h1>\n<h2 style=\"font-size: 18px; font-weight: 300; margin-top: 0px; text-align: center;\">LUN. \u2013 VEN.<br \/>\ndalle 9:00 alle 18:30<br \/>\nSAB.<br \/>\ndalle 9:00 alle 17:00<\/h2>\n<p>[\/vc_column_text][\/vc_column_inner][\/vc_row_inner][\/vc_column][vc_column width=&#8221;1\/6&#8243; offset=&#8221;vc_hidden-xs&#8221;][vc_empty_space][\/vc_column][\/vc_row][vc_row fullwidth=&#8221;1&#8243; css=&#8221;.vc_custom_1616517449519{margin-bottom: 30px !important;}&#8221;][vc_column width=&#8221;1\/6&#8243; offset=&#8221;vc_hidden-xs&#8221;][vc_empty_space][\/vc_column][vc_column width=&#8221;2\/3&#8243;][vc_column_text]<\/p>\n<h2 style=\"text-align: center;\"><span style=\"color: #af004f;\">Contattaci per conoscere le nostre Aperture Speciali!<\/span><\/h2>\n<p>[\/vc_column_text][\/vc_column][vc_column width=&#8221;1\/6&#8243; offset=&#8221;vc_hidden-xs&#8221;][vc_empty_space][\/vc_column][\/vc_row][vc_row fullwidth=&#8221;1&#8243; css=&#8221;.vc_custom_1616516886585{padding-top: 50px !important;padding-bottom: 50px !important;background-color: #59c6bb !important;}&#8221; el_class=&#8221;color-white&#8221;][vc_column width=&#8221;1\/6&#8243; offset=&#8221;vc_hidden-xs&#8221;][vc_empty_space][\/vc_column][vc_column width=&#8221;2\/3&#8243;]<div class=\"nasa-dft nasa-title clearfix hr-type-none text-center\"><h1 class=\"nasa-heading-title\">Nel Centro di Torino<\/h1><\/div>[vc_column_text]<\/p>\n<p style=\"text-align: center;\">Eb Cosmetica \u00e8 lieta di accoglierti nel proprio negozio e Show room nel Centro di Torino, a pochi passi dalla Mole Antoneliana. L\u2019ampio spazio a disposizione consente di far toccare con mano ai clienti la qualit\u00e0 e l\u2019affidabilit\u00e0 anche delle apparecchiature pi\u00f9 grandi. Ogni prodotto \u00e8 organizzato con cura, in modo da essere ben distinguibile e subito riconoscibile dal cliente. Inoltre, personale altamente qualificato sar\u00e0 in grado di consigliarti il prodotto giusto per ogni tua necessit\u00e0<\/p>\n<p>[\/vc_column_text][\/vc_column][vc_column width=&#8221;1\/6&#8243; offset=&#8221;vc_hidden-xs&#8221;][vc_empty_space][\/vc_column][\/vc_row][vc_row css=&#8221;.vc_custom_1616519834083{padding-top: 30px !important;padding-bottom: 70px !important;}&#8221;][vc_column width=&#8221;1\/6&#8243; offset=&#8221;vc_hidden-xs&#8221;][vc_empty_space][\/vc_column][vc_column width=&#8221;2\/3&#8243;][vc_column_text css=&#8221;.vc_custom_1616516813061{padding-bottom: 30px !important;}&#8221;]<\/p>\n<h2 style=\"text-align: center;\"><span style=\"color: #af004f;\">Contattaci oggi stesso<br \/>\nsaremo lieti di trovare la soluzione adatta elle tue esigenze<\/span><\/h2>\n<p>[\/vc_column_text][contact-form-7 id=&#8221;145&#8243;][vc_column_text]E.B. COSMETICA Srl<br \/>\nsede legale: Corso Inghilterra, 31 &#8211; 10138 Torino<br \/>\nnegozio: Corso Vittorio Emanuele II, 28\/b &#8211; 10123 Torino<br \/>\nP.iva \/ Cf. 11953170013 \u2022 Rea TO-1253447<br \/>\nCap. Soc. 12.000 \u20ac i.v.<br \/>\ntel. 011 389756 \u2022 mob. 375 5176917<br \/>\n<a href=\"mailto:info@ebcosmetica.it\">info@ebcosmetica.it<\/a> \u2022 <a href=\"mailto:ebcosmetica@pec.it\">ebcosmetica@pec.it<\/a>[\/vc_column_text][\/vc_column][vc_column width=&#8221;1\/6&#8243; offset=&#8221;vc_hidden-xs&#8221;][vc_empty_space][\/vc_column][\/vc_row]<\/p>\n<\/div>","protected":false},"excerpt":{"rendered":"<p>[vc_row fullwidth=&#8221;1&#8243;][vc_column][vc_gmaps link=&#8221;#E-8_JTNDaWZyYW1lJTIwc3JjJTNEJTIyaHR0cHMlM0ElMkYlMkZ3d3cuZ29vZ2xlLmNvbSUyRm1hcHMlMkZlbWJlZCUzRnBiJTNEJTIxMW0xOCUyMTFtMTIlMjExbTMlMjExZDI4MTguMjQ4NTkzNjU0OTQ5JTIxMmQ3LjY4MzkwMTQxNTU0Mzk4JTIxM2Q0NS4wNjA0Njc5NzkwOTgyMDYlMjEybTMlMjExZjAlMjEyZjAlMjEzZjAlMjEzbTIlMjExaTEwMjQlMjEyaTc2OCUyMTRmMTMuMSUyMTNtMyUyMTFtMiUyMTFzMHg0Nzg4NmQzNTFkMTJjYjdmJTI1M0EweGE3NDFhYzQxZDcxMDIwNjYlMjEyc0VCJTI1MjBDb3NtZXRpY2ElMjE1ZTAlMjEzbTIlMjExc2l0JTIxMnNpdCUyMTR2MTYxNjUxOTY4OTE3NSUyMTVtMiUyMTFzaXQlMjEyc2l0JTIyJTIwd2lkdGglM0QlMjI2MDAlMjIlMjBoZWlnaHQlM0QlMjI0NTAlMjIlMjBzdHlsZSUzRCUyMmJvcmRlciUzQTAlM0IlMjIlMjBhbGxvd2Z1bGxzY3JlZW4lM0QlMjJ5ZXMlMjIlMjBsb2FkaW5nJTNEJTIybGF6eSUyMiUzRSUzQyUyRmlmcmFtZSUzRQ==&#8221;][\/vc_column][\/vc_row][vc_row fullwidth=&#8221;1&#8243; css=&#8221;.vc_custom_1616520333644{margin-top: 30px !important;margin-bottom: 50px !important;}&#8221;][vc_column width=&#8221;1\/6&#8243; offset=&#8221;vc_hidden-xs&#8221;][vc_empty_space][\/vc_column][vc_column width=&#8221;2\/3&#8243;][vc_column_text] Siamo un&#8217;azienda giovane nata dall&#8217;esperienza pluriennale nel settore dell&#8217;estetica Da pi\u00f9 di 30 anni ci prendiamo cura della vostra bellezza. La professionalit\u00e0 e l&#8217;esperienza pluriennale nel settore dell&#8217;estetica, direttamente e comodamente a casa vostra! Eb Cosmetica \u00e8 un&#8217;azienda dinamica sempre pronta alle nuove [&hellip;]<\/p>\n","protected":false},"author":1,"featured_media":0,"parent":0,"menu_order":0,"comment_status":"closed","ping_status":"closed","template":"","meta":{"_monsterinsights_skip_tracking":false,"_monsterinsights_sitenote_active":false,"_monsterinsights_sitenote_note":"","_monsterinsights_sitenote_category":0,"footnotes":""},"class_list":["post-3735","page","type-page","status-publish","hentry"],"yoast_head":"<!-- This site is optimized with the Yoast SEO plugin v27.5 - https:\/\/yoast.com\/product\/yoast-seo-wordpress\/ -->\n<title>Contatti - Prodotti per Estetica - EB Cosmetica Torino<\/title>\n<meta name=\"robots\" content=\"noindex, follow, max-snippet:-1, max-image-preview:large, max-video-preview:-1\" \/>\n<meta property=\"og:locale\" content=\"it_IT\" \/>\n<meta property=\"og:type\" content=\"article\" \/>\n<meta property=\"og:title\" content=\"Contatti - Prodotti per Estetica - EB Cosmetica Torino\" \/>\n<meta property=\"og:description\" content=\"[vc_row fullwidth=&#8221;1&#8243;][vc_column][vc_gmaps link=&#8221;#E-8_JTNDaWZyYW1lJTIwc3JjJTNEJTIyaHR0cHMlM0ElMkYlMkZ3d3cuZ29vZ2xlLmNvbSUyRm1hcHMlMkZlbWJlZCUzRnBiJTNEJTIxMW0xOCUyMTFtMTIlMjExbTMlMjExZDI4MTguMjQ4NTkzNjU0OTQ5JTIxMmQ3LjY4MzkwMTQxNTU0Mzk4JTIxM2Q0NS4wNjA0Njc5NzkwOTgyMDYlMjEybTMlMjExZjAlMjEyZjAlMjEzZjAlMjEzbTIlMjExaTEwMjQlMjEyaTc2OCUyMTRmMTMuMSUyMTNtMyUyMTFtMiUyMTFzMHg0Nzg4NmQzNTFkMTJjYjdmJTI1M0EweGE3NDFhYzQxZDcxMDIwNjYlMjEyc0VCJTI1MjBDb3NtZXRpY2ElMjE1ZTAlMjEzbTIlMjExc2l0JTIxMnNpdCUyMTR2MTYxNjUxOTY4OTE3NSUyMTVtMiUyMTFzaXQlMjEyc2l0JTIyJTIwd2lkdGglM0QlMjI2MDAlMjIlMjBoZWlnaHQlM0QlMjI0NTAlMjIlMjBzdHlsZSUzRCUyMmJvcmRlciUzQTAlM0IlMjIlMjBhbGxvd2Z1bGxzY3JlZW4lM0QlMjJ5ZXMlMjIlMjBsb2FkaW5nJTNEJTIybGF6eSUyMiUzRSUzQyUyRmlmcmFtZSUzRQ==&#8221;][\/vc_column][\/vc_row][vc_row fullwidth=&#8221;1&#8243; css=&#8221;.vc_custom_1616520333644{margin-top: 30px !important;margin-bottom: 50px !important;}&#8221;][vc_column width=&#8221;1\/6&#8243; offset=&#8221;vc_hidden-xs&#8221;][vc_empty_space][\/vc_column][vc_column width=&#8221;2\/3&#8243;][vc_column_text] Siamo un&#8217;azienda giovane nata dall&#8217;esperienza pluriennale nel settore dell&#8217;estetica Da pi\u00f9 di 30 anni ci prendiamo cura della vostra bellezza. La professionalit\u00e0 e l&#8217;esperienza pluriennale nel settore dell&#8217;estetica, direttamente e comodamente a casa vostra! Eb Cosmetica \u00e8 un&#8217;azienda dinamica sempre pronta alle nuove [&hellip;]\" \/>\n<meta property=\"og:url\" content=\"https:\/\/ebcosmetica.it\/?page_id=3735\" \/>\n<meta property=\"og:site_name\" content=\"Prodotti per Estetica - EB Cosmetica Torino\" \/>\n<meta property=\"article:publisher\" content=\"https:\/\/it-it.facebook.com\/ebcosmetica\/\" \/>\n<meta property=\"article:modified_time\" content=\"2021-12-16T20:43:02+00:00\" \/>\n<meta name=\"twitter:card\" content=\"summary_large_image\" \/>\n<meta name=\"twitter:label1\" content=\"Tempo di lettura stimato\" \/>\n\t<meta name=\"twitter:data1\" content=\"2 minuti\" \/>\n<script type=\"application\/ld+json\" class=\"yoast-schema-graph\">{\"@context\":\"https:\\\/\\\/schema.org\",\"@graph\":[{\"@type\":\"WebPage\",\"@id\":\"https:\\\/\\\/ebcosmetica.it\\\/?page_id=3735\",\"url\":\"https:\\\/\\\/ebcosmetica.it\\\/?page_id=3735\",\"name\":\"Contatti - Prodotti per Estetica - EB Cosmetica Torino\",\"isPartOf\":{\"@id\":\"https:\\\/\\\/ebcosmetica.it\\\/#website\"},\"datePublished\":\"2021-03-23T15:56:08+00:00\",\"dateModified\":\"2021-12-16T20:43:02+00:00\",\"breadcrumb\":{\"@id\":\"https:\\\/\\\/ebcosmetica.it\\\/?page_id=3735#breadcrumb\"},\"inLanguage\":\"it-IT\",\"potentialAction\":[{\"@type\":\"ReadAction\",\"target\":[\"https:\\\/\\\/ebcosmetica.it\\\/?page_id=3735\"]}]},{\"@type\":\"BreadcrumbList\",\"@id\":\"https:\\\/\\\/ebcosmetica.it\\\/?page_id=3735#breadcrumb\",\"itemListElement\":[{\"@type\":\"ListItem\",\"position\":1,\"name\":\"Home\",\"item\":\"https:\\\/\\\/ebcosmetica.it\\\/\"},{\"@type\":\"ListItem\",\"position\":2,\"name\":\"Contatti\"}]},{\"@type\":\"WebSite\",\"@id\":\"https:\\\/\\\/ebcosmetica.it\\\/#website\",\"url\":\"https:\\\/\\\/ebcosmetica.it\\\/\",\"name\":\"Prodotti per Estetica - EB Cosmetica Torino\",\"description\":\"prodotti per l&#039;estetica - ingrosso e dettaglio\",\"publisher\":{\"@id\":\"https:\\\/\\\/ebcosmetica.it\\\/#organization\"},\"potentialAction\":[{\"@type\":\"SearchAction\",\"target\":{\"@type\":\"EntryPoint\",\"urlTemplate\":\"https:\\\/\\\/ebcosmetica.it\\\/?s={search_term_string}\"},\"query-input\":{\"@type\":\"PropertyValueSpecification\",\"valueRequired\":true,\"valueName\":\"search_term_string\"}}],\"inLanguage\":\"it-IT\"},{\"@type\":\"Organization\",\"@id\":\"https:\\\/\\\/ebcosmetica.it\\\/#organization\",\"name\":\"EB COSMETICA Srl\",\"url\":\"https:\\\/\\\/ebcosmetica.it\\\/\",\"logo\":{\"@type\":\"ImageObject\",\"inLanguage\":\"it-IT\",\"@id\":\"https:\\\/\\\/ebcosmetica.it\\\/#\\\/schema\\\/logo\\\/image\\\/\",\"url\":\"https:\\\/\\\/ebcosmetica.it\\\/wp-content\\\/uploads\\\/2018\\\/10\\\/ebcosmetica_logo.png\",\"contentUrl\":\"https:\\\/\\\/ebcosmetica.it\\\/wp-content\\\/uploads\\\/2018\\\/10\\\/ebcosmetica_logo.png\",\"width\":500,\"height\":240,\"caption\":\"EB COSMETICA Srl\"},\"image\":{\"@id\":\"https:\\\/\\\/ebcosmetica.it\\\/#\\\/schema\\\/logo\\\/image\\\/\"},\"sameAs\":[\"https:\\\/\\\/it-it.facebook.com\\\/ebcosmetica\\\/\"]}]}<\/script>\n<!-- \/ Yoast SEO plugin. -->","yoast_head_json":{"title":"Contatti - Prodotti per Estetica - EB Cosmetica Torino","robots":{"index":"noindex","follow":"follow","max-snippet":"max-snippet:-1","max-image-preview":"max-image-preview:large","max-video-preview":"max-video-preview:-1"},"og_locale":"it_IT","og_type":"article","og_title":"Contatti - Prodotti per Estetica - EB Cosmetica Torino","og_description":"[vc_row fullwidth=&#8221;1&#8243;][vc_column][vc_gmaps link=&#8221;#E-8_JTNDaWZyYW1lJTIwc3JjJTNEJTIyaHR0cHMlM0ElMkYlMkZ3d3cuZ29vZ2xlLmNvbSUyRm1hcHMlMkZlbWJlZCUzRnBiJTNEJTIxMW0xOCUyMTFtMTIlMjExbTMlMjExZDI4MTguMjQ4NTkzNjU0OTQ5JTIxMmQ3LjY4MzkwMTQxNTU0Mzk4JTIxM2Q0NS4wNjA0Njc5NzkwOTgyMDYlMjEybTMlMjExZjAlMjEyZjAlMjEzZjAlMjEzbTIlMjExaTEwMjQlMjEyaTc2OCUyMTRmMTMuMSUyMTNtMyUyMTFtMiUyMTFzMHg0Nzg4NmQzNTFkMTJjYjdmJTI1M0EweGE3NDFhYzQxZDcxMDIwNjYlMjEyc0VCJTI1MjBDb3NtZXRpY2ElMjE1ZTAlMjEzbTIlMjExc2l0JTIxMnNpdCUyMTR2MTYxNjUxOTY4OTE3NSUyMTVtMiUyMTFzaXQlMjEyc2l0JTIyJTIwd2lkdGglM0QlMjI2MDAlMjIlMjBoZWlnaHQlM0QlMjI0NTAlMjIlMjBzdHlsZSUzRCUyMmJvcmRlciUzQTAlM0IlMjIlMjBhbGxvd2Z1bGxzY3JlZW4lM0QlMjJ5ZXMlMjIlMjBsb2FkaW5nJTNEJTIybGF6eSUyMiUzRSUzQyUyRmlmcmFtZSUzRQ==&#8221;][\/vc_column][\/vc_row][vc_row fullwidth=&#8221;1&#8243; css=&#8221;.vc_custom_1616520333644{margin-top: 30px !important;margin-bottom: 50px !important;}&#8221;][vc_column width=&#8221;1\/6&#8243; offset=&#8221;vc_hidden-xs&#8221;][vc_empty_space][\/vc_column][vc_column width=&#8221;2\/3&#8243;][vc_column_text] Siamo un&#8217;azienda giovane nata dall&#8217;esperienza pluriennale nel settore dell&#8217;estetica Da pi\u00f9 di 30 anni ci prendiamo cura della vostra bellezza. La professionalit\u00e0 e l&#8217;esperienza pluriennale nel settore dell&#8217;estetica, direttamente e comodamente a casa vostra! Eb Cosmetica \u00e8 un&#8217;azienda dinamica sempre pronta alle nuove [&hellip;]","og_url":"https:\/\/ebcosmetica.it\/?page_id=3735","og_site_name":"Prodotti per Estetica - EB Cosmetica Torino","article_publisher":"https:\/\/it-it.facebook.com\/ebcosmetica\/","article_modified_time":"2021-12-16T20:43:02+00:00","twitter_card":"summary_large_image","twitter_misc":{"Tempo di lettura stimato":"2 minuti"},"schema":{"@context":"https:\/\/schema.org","@graph":[{"@type":"WebPage","@id":"https:\/\/ebcosmetica.it\/?page_id=3735","url":"https:\/\/ebcosmetica.it\/?page_id=3735","name":"Contatti - Prodotti per Estetica - EB Cosmetica Torino","isPartOf":{"@id":"https:\/\/ebcosmetica.it\/#website"},"datePublished":"2021-03-23T15:56:08+00:00","dateModified":"2021-12-16T20:43:02+00:00","breadcrumb":{"@id":"https:\/\/ebcosmetica.it\/?page_id=3735#breadcrumb"},"inLanguage":"it-IT","potentialAction":[{"@type":"ReadAction","target":["https:\/\/ebcosmetica.it\/?page_id=3735"]}]},{"@type":"BreadcrumbList","@id":"https:\/\/ebcosmetica.it\/?page_id=3735#breadcrumb","itemListElement":[{"@type":"ListItem","position":1,"name":"Home","item":"https:\/\/ebcosmetica.it\/"},{"@type":"ListItem","position":2,"name":"Contatti"}]},{"@type":"WebSite","@id":"https:\/\/ebcosmetica.it\/#website","url":"https:\/\/ebcosmetica.it\/","name":"Prodotti per Estetica - EB Cosmetica Torino","description":"prodotti per l&#039;estetica - ingrosso e dettaglio","publisher":{"@id":"https:\/\/ebcosmetica.it\/#organization"},"potentialAction":[{"@type":"SearchAction","target":{"@type":"EntryPoint","urlTemplate":"https:\/\/ebcosmetica.it\/?s={search_term_string}"},"query-input":{"@type":"PropertyValueSpecification","valueRequired":true,"valueName":"search_term_string"}}],"inLanguage":"it-IT"},{"@type":"Organization","@id":"https:\/\/ebcosmetica.it\/#organization","name":"EB COSMETICA Srl","url":"https:\/\/ebcosmetica.it\/","logo":{"@type":"ImageObject","inLanguage":"it-IT","@id":"https:\/\/ebcosmetica.it\/#\/schema\/logo\/image\/","url":"https:\/\/ebcosmetica.it\/wp-content\/uploads\/2018\/10\/ebcosmetica_logo.png","contentUrl":"https:\/\/ebcosmetica.it\/wp-content\/uploads\/2018\/10\/ebcosmetica_logo.png","width":500,"height":240,"caption":"EB COSMETICA Srl"},"image":{"@id":"https:\/\/ebcosmetica.it\/#\/schema\/logo\/image\/"},"sameAs":["https:\/\/it-it.facebook.com\/ebcosmetica\/"]}]}},"_links":{"self":[{"href":"https:\/\/ebcosmetica.it\/index.php?rest_route=\/wp\/v2\/pages\/3735","targetHints":{"allow":["GET"]}}],"collection":[{"href":"https:\/\/ebcosmetica.it\/index.php?rest_route=\/wp\/v2\/pages"}],"about":[{"href":"https:\/\/ebcosmetica.it\/index.php?rest_route=\/wp\/v2\/types\/page"}],"author":[{"embeddable":true,"href":"https:\/\/ebcosmetica.it\/index.php?rest_route=\/wp\/v2\/users\/1"}],"replies":[{"embeddable":true,"href":"https:\/\/ebcosmetica.it\/index.php?rest_route=%2Fwp%2Fv2%2Fcomments&post=3735"}],"version-history":[{"count":26,"href":"https:\/\/ebcosmetica.it\/index.php?rest_route=\/wp\/v2\/pages\/3735\/revisions"}],"predecessor-version":[{"id":4446,"href":"https:\/\/ebcosmetica.it\/index.php?rest_route=\/wp\/v2\/pages\/3735\/revisions\/4446"}],"wp:attachment":[{"href":"https:\/\/ebcosmetica.it\/index.php?rest_route=%2Fwp%2Fv2%2Fmedia&parent=3735"}],"curies":[{"name":"wp","href":"https:\/\/api.w.org\/{rel}","templated":true}]}}