{"id":293,"date":"2019-04-02T12:57:41","date_gmt":"2019-04-02T12:57:41","guid":{"rendered":"https:\/\/www.ebcosmetica.it\/?page_id=293"},"modified":"2021-03-23T15:28:37","modified_gmt":"2021-03-23T15:28:37","slug":"privacy-policy-eb-cosmetica","status":"publish","type":"page","link":"https:\/\/ebcosmetica.it\/?page_id=293","title":{"rendered":"Privacy Policy &#8211; EB Cosmetica"},"content":{"rendered":"<div class=\"wpb-content-wrapper\"><p>[vc_row css=&#8221;.vc_custom_1616513240328{padding: 30px !important;}&#8221;][vc_column][vc_column_text]<\/p>\n<h2>NORMATIVA SULLA PRIVACY<\/h2>\n<p><strong>Informativa ai sensi dell&#8217;art. 13 del Codice della Privacy<\/strong><\/p>\n<p><b>Ai sensi dell&#8217;articolo 13 del codice della D.Lgs. 196\/2003, vi rendiamo le seguenti informazioni.<\/b><\/p>\n<p>Noi di <strong><span id=\"sito\">www.ebcosmetica.it<\/span><\/strong> riteniamo che la privacy dei nostri visitatori sia estremamente importante. Questo documento descrive dettagliatamente i tipi di informazioni personali raccolti e registrati dal nostro sito e come essi vengano utilizzati.<\/p>\n<h3>File di Registrazione (Log Files)<\/h3>\n<p>Come molti altri siti web, il nostro utilizza file di log. Questi file registrano semplicemente i visitatori del sito &#8211; di solito una procedura standard delle aziende di hosting e dei servizi di analisi degli hosting.<\/p>\n<p>Le informazioni contenute nei file di registro comprendono indirizzi di protocollo Internet (IP), il tipo di browser, Internet Service Provider (ISP), informazioni come data e ora, pagine referral, pagine d&#8217;uscita ed entrata o il numero di clic.<\/p>\n<p>Queste informazioni vengono utilizzate per analizzare le tendenze, amministrare il sito, monitorare il movimento degli utenti sul sito e raccogliere informazioni demografiche. Gli indirizzi IP e le altre informazioni non sono collegate a informazioni personali che possono essere identificate, dunque <strong>tutti i dati sono raccolti in forma assolutamente anonima<\/strong>.<\/p>\n<div id=\"cookies\" style=\"display: block;\">\n<h3>Questo sito web utilizza i Cookies<\/h3>\n<p>I cookies sono piccoli file di testo che vengono automaticamente posizionati sul PC del navigatore all\u2019interno del browser. Essi contengono informazioni di base sulla navigazione in Internet e grazie al browser vengono riconosciuti ogni volta che l\u2019utente visita il sito.<\/p>\n<h3>Cookie Policy<\/h3>\n<p>Questo sito utilizza cookies, anche di terze parti, per migliorarne l\u2019esperienza di navigazione, consentire a chi naviga di usufruire di eventuali servizi online e monitorare la navigazione nel sito.<\/p>\n<h3>Come disabilitare i Cookies<\/h3>\n<p>E\u2019 possibile disabilitare i cookies direttamente dal browser utilizzato, accedendo alle impostazioni (preferenze oppure opzioni): questa scelta potrebbe limitare alcune funzionalit\u00e0 di navigazione del sito.<\/p>\n<h3>Gestione dei Cookies<\/h3>\n<p>I cookies utilizzati in questo sito possono rientrare nelle categorie descritte di seguito.<\/p>\n<ul>\n<li><strong>Attivit\u00e0 strettamente necessarie al funzionamento <\/strong><br \/>\nQuesti cookies hanno natura tecnica e permettono al sito di funzionare correttamente. Ad esempio, mantengono l\u2019utente collegato durante la navigazione evitando che il sito richieda di collegarsi pi\u00f9 volte per accedere alle pagine successive.<\/li>\n<li><strong>Attivit\u00e0 di salvataggio delle preferenze<br \/>\n<\/strong>Questi cookie permettono di ricordare le preferenze selezionate dall\u2019utente durante la navigazione, ad esempio, consentono di impostare la lingua.<\/li>\n<li><strong>Attivit\u00e0 Statistiche e di Misurazione dell\u2019audience (es: Google Analytics)<br \/>\n<\/strong>Questi cookie ci aiutano a capire, attraverso dati raccolti in forma anonima e aggregata, come gli utenti interagiscono con i siti internet fornendo informazioni relative alle sezioni visitate, il tempo trascorso sul sito, eventuali malfunzionamenti. Questo aiuta a migliorare la resa dei siti internet.<\/li>\n<li><strong>Cookie di social media (es: Facebook)<br \/>\n<\/strong>Questi cookie di terza parte vengono utilizzati per integrare alcune diffuse funzionalit\u00e0 dei principali social media e fornirle all\u2019interno del sito. In particolare permettono la registrazione e l\u2019autenticazione sul sito tramite facebook e google connect, la condivisione e i commenti di pagine del sito sui social, abilitano le funzionalit\u00e0 del \u201cmi piace\u201d su Facebook e del \u201c+1\u2033 su G+.<\/li>\n<\/ul>\n<\/div>\n<div id=\"fornitori\" style=\"display: none;\">\n<h3>Fornitori di terze parti<\/h3>\n<p>I fornitori di terze parti, tra cui Google, utilizzano cookie per pubblicare annunci in base alle precedenti visite di un utente su questo sito.<\/p>\n<p>L&#8217;utilizzo dei cookie per la pubblicit\u00e0 consente a Google e ai suoi partner di pubblicare annunci per gli utenti di questo sito (e su altri siti) in base ai dati statistici raccolti su questo sito e sui siti web dei partner Google.<\/p>\n<p>Gli utenti possono scegliere di disattivare la pubblicit\u00e0 personalizzata, visitando la pagina <a href=\"https:\/\/www.google.com\/settings\/ads\" target=\"_blank\" rel=\"noopener noreferrer\">Impostazioni annunci<\/a>.<\/p>\n<p>Visitando la pagina www.aboutads.info potrai disattivare i cookies dei fornitori di terze parti.<\/p>\n<\/div>\n<div id=\"partners\" style=\"display: block;\">\n<h3>I nostri partner pubblicitari<\/h3>\n<p>Alcuni dei nostri partner pubblicitari possono utilizzare i cookies sul nostro sito per raccogliere dati sulla navigazione degli utenti in forma anonima. Tra i nostri partner pubblicitari figurano:<\/p>\n<ul>\n<li id=\"amazon\" style=\"display: block;\">Amazon<\/li>\n<li id=\"ebay\" style=\"display: block;\">Ebay<\/li>\n<li id=\"altri_partner\" style=\"display: block;\"><span id=\"partner\">Google<\/span><\/li>\n<\/ul>\n<p>Gli annunci dei fornitori terze parti gestiscono reti pubblicitarie che utilizzano la tecnologia dei cookies nei rispettivi annunci e nei link che appaiono sul nostro sito. Gli annunci vengono cos\u00ec inviati direttamente al tuo browser. Riceveranno automaticamente il tuo indirizzo IP. Altre tecnologie (come i cookie o JavaScript) possono anche essere utilizzati dalle reti pubblicitarie di terze parti del nostro sito per misurare l&#8217;efficacia delle loro campagne pubblicitarie e\/o personalizzare i contenuti pubblicitari che vedete sul sito.<\/p>\n<p>Il nostro sito non ha accesso o non controlla questi cookie utilizzati da inserzionisti di terze parti.<\/p>\n<h3>Norme sulla privacy di terze parti<\/h3>\n<p>\u00c8 necessario consultare le rispettive norme sulla privacy di questi server di terze parti per ulteriori informazioni sulle loro pratiche e per istruzioni su come disattivare alcune pratiche.<\/p>\n<p>La nostra politica sulla privacy non si applica ai fornitori di terze parti ed ai partner pubblicitari, e non possiamo controllare le attivit\u00e0 di tali altri inserzionisti o siti web.<\/p>\n<p>Se desideri disattivare i cookie, puoi farlo attraverso le tue singole opzioni del browser. Ulteriori informazioni sulla gestione dei cookie con browser web specifico possono essere trovati nei rispettivi siti web dei browser<\/p>\n<\/div>\n<h3>Finalit\u00e0 del trattamento<\/h3>\n<p>I dati possono essere raccolti per una o pi\u00f9 delle seguenti finalit\u00e0:<\/p>\n<ul>\n<li>fornire l&#8217;accesso ad aree riservate del Portale e di Portali\/siti collegati con il presente e all&#8217;invio di comunicazioni anche di carattere commerciale, notizie, aggiornamenti sulle iniziative di questo sito e delle societ\u00e0 da essa controllate e\/o collegate e\/o Sponsor.<\/li>\n<li>eventuale cessione a terzi dei suddetti dati, sempre finalizzata alla realizzazione di campagne di email marketing ed all&#8217;invio di comunicazioni di carattere commerciale.<\/li>\n<li>eseguire gli obblighi previsti da leggi o regolamenti;<\/li>\n<li>gestione contatti;<\/li>\n<\/ul>\n<h3>Modalit\u00e0 del trattamento<\/h3>\n<p>I dati verranno trattati con le seguenti modalit\u00e0:<\/p>\n<ul>\n<li>raccolta dati con modalit\u00e0 single-opt, in apposito database;<\/li>\n<li>registrazione ed elaborazione su supporto cartaceo e\/o magnetico;<\/li>\n<li>organizzazione degli archivi in forma prevalentemente automatizzata, ai sensi del Disciplinare Tecnico in materia di misure minime di sicurezza, Allegato B del Codice della Privacy.<\/li>\n<\/ul>\n<h3>Natura obbligatoria<\/h3>\n<p>Tutti i dati richiesti sono obbligatori.<\/p>\n<div id=\"trattamento\" style=\"display: block;\">\n<h3>Soggetti a cui dati potranno essere comunicati i dati personali<\/h3>\n<p>I dati raccolti potranno essere comunicati a:<\/p>\n<ul>\n<li>societ\u00e0 e imprese per usi di direct mailing o attivit\u00e0 analoghe;<\/li>\n<li>associazioni e fondazioni intenzionate ad acquistare spazi pubblicitari sulle liste o sul sito e\/o collegate alla fornitura di un particolare servizio.<\/li>\n<li>soggetti che debbano avere accesso ai dati, come da norme di legge o di normative secondarie e\/o comunitarie.<\/li>\n<\/ul>\n<\/div>\n<h3>Diritti dell&#8217;interessato<\/h3>\n<p>Ai sensi ai sensi dell&#8217;art. 7 (Diritto di accesso ai dati personali ed altri diritti) del Codice della Privacy, vi segnaliamo che i vostri diritti in ordine al trattamento dei dati sono:<\/p>\n<ul>\n<li>conoscere, mediante accesso gratuito l&#8217;esistenza di trattamenti di dati che possano riguardarvi;<\/li>\n<li>essere informati sulla natura e sulle finalit\u00e0 del trattamento<\/li>\n<li>ottenere a cura del titolare, senza ritardo:\n<ul>\n<li>la conferma dell&#8217;esistenza o meno di dati personali che vi riguardano, anche se non ancora registrati, e la comunicazione in forma intellegibile dei medesimi dati e della loro origine, nonch\u00e9 della logica e delle finalit\u00e0 su cui si basa il trattamento; la richiesta pu\u00f2 essere rinnovata, salva l&#8217;esistenza di giustificati motivi, con intervallo non minore di novanta giorni;<\/li>\n<li>la cancellazione, la trasformazione in forma anonima o il blocco dei dati trattati in violazione di legge, compresi quelli di cui non \u00e8 necessaria la conservazione in relazione agli scopi per i quali i dati sono stati raccolti o successivamente trattati;<\/li>\n<li>l&#8217;aggiornamento, la rettifica ovvero, qualora vi abbia interesse, l&#8217;integrazione dei dati esistenti;<\/li>\n<li>opporvi in tutto o in parte per motivi legittimi al trattamento dei dati personali che vi riguardano ancorch\u00e9 pertinenti allo scopo della raccolta;<\/li>\n<\/ul>\n<\/li>\n<\/ul>\n<p>Vi segnaliamo che il titolare del trattamento ad ogni effetto di legge \u00e8:<\/p>\n<ul>\n<li><b><span id=\"azienda\">EB COSMETICA Srl<\/span><\/b><\/li>\n<li id=\"piva\" style=\"display: block;\">P. IVA <span id=\"iva\">11953170013<\/span><\/li>\n<li id=\"codiceFiscale\" style=\"display: block;\">Codice Fiscale: <span id=\"codice_Fiscale\">11953170013<\/span><\/li>\n<li><span id=\"indirizzo\">Corso Vittorio Emanuele II, 28\/b<\/span><\/li>\n<li><span id=\"cap\">10123<\/span> &#8211; <span id=\"citta\">Torino<\/span> (<span id=\"provincia\">TO<\/span>)<\/li>\n<li>Tel\/Fax: <span id=\"telefono\">011 389756<\/span><\/li>\n<li>E-mail: <a href=\"mailto:info@ebcosmetica.it\"><span id=\"email\">info@ebcosmetica.it<\/span><\/a><\/li>\n<\/ul>\n<p>Per esercitare i diritti previsti all&#8217;art. 7 del Codice della Privacy ovvero per la cancellazione dei vostri dati dall&#8217;archivio, \u00e8 sufficiente contattarci attraverso uno dei canali messi a disposizione. Tutti i dati sono protetti attraverso l&#8217;uso di antivirus, firewall e protezione attraverso password.<\/p>\n<h3>Informazioni per i bambini<\/h3>\n<p>Riteniamo importante assicurare una protezione aggiunta ai bambini online. Noi incoraggiamo i genitori e i tutori a trascorrere del tempo online con i loro figli per osservare, partecipare e\/o monitorare e guidare la loro attivit\u00e0 online. Noi non raccogliamo dati personali di minori. Se un genitore o un tutore crede che il nostro sito abbia nel suo database le informazioni personali di un bambino, vi preghiamo di contattarci immediatamente (utilizzando la mail fornita) e faremo di tutto per rimuovere tali informazioni il pi\u00f9 presto possibile.<\/p>\n<p>Questa politica sulla privacy si applica solo alle nostre attivit\u00e0 online ed \u00e8 valida per i visitatori del nostro sito web e per quanto riguarda le informazioni condivise e\/o raccolte. Questa politica non si applica a qualsiasi informazione raccolta in modalit\u00e0 offline o tramite canali diversi da questo sito web.<\/p>\n<h3>Consenso<\/h3>\n<p>Usando il nostro sito web, acconsenti alla nostra politica sulla privacy e accetti i suoi termini. Se desideri ulteriori informazioni o hai domande sulla nostra politica sulla privacy non esitare a contattarci.[\/vc_column_text][\/vc_column][\/vc_row]<\/p>\n<\/div>","protected":false},"excerpt":{"rendered":"<p>[vc_row css=&#8221;.vc_custom_1616513240328{padding: 30px !important;}&#8221;][vc_column][vc_column_text] NORMATIVA SULLA PRIVACY Informativa ai sensi dell&#8217;art. 13 del Codice della Privacy Ai sensi dell&#8217;articolo 13 del codice della D.Lgs. 196\/2003, vi rendiamo le seguenti informazioni. Noi di www.ebcosmetica.it riteniamo che la privacy dei nostri visitatori sia estremamente importante. Questo documento descrive dettagliatamente i tipi di informazioni personali raccolti e registrati [&hellip;]<\/p>\n","protected":false},"author":1,"featured_media":0,"parent":0,"menu_order":0,"comment_status":"closed","ping_status":"closed","template":"","meta":{"_monsterinsights_skip_tracking":false,"_monsterinsights_sitenote_active":false,"_monsterinsights_sitenote_note":"","_monsterinsights_sitenote_category":0,"footnotes":""},"class_list":["post-293","page","type-page","status-publish","hentry"],"yoast_head":"<!-- This site is optimized with the Yoast SEO plugin v27.5 - https:\/\/yoast.com\/product\/yoast-seo-wordpress\/ -->\n<title>Privacy Policy - EB Cosmetica - Prodotti per Estetica - EB Cosmetica Torino<\/title>\n<meta name=\"robots\" content=\"noindex, follow, max-snippet:-1, max-image-preview:large, max-video-preview:-1\" \/>\n<meta property=\"og:locale\" content=\"it_IT\" \/>\n<meta property=\"og:type\" content=\"article\" \/>\n<meta property=\"og:title\" content=\"Privacy Policy - EB Cosmetica - Prodotti per Estetica - EB Cosmetica Torino\" \/>\n<meta property=\"og:description\" content=\"[vc_row css=&#8221;.vc_custom_1616513240328{padding: 30px !important;}&#8221;][vc_column][vc_column_text] NORMATIVA SULLA PRIVACY Informativa ai sensi dell&#8217;art. 13 del Codice della Privacy Ai sensi dell&#8217;articolo 13 del codice della D.Lgs. 196\/2003, vi rendiamo le seguenti informazioni. Noi di www.ebcosmetica.it riteniamo che la privacy dei nostri visitatori sia estremamente importante. Questo documento descrive dettagliatamente i tipi di informazioni personali raccolti e registrati [&hellip;]\" \/>\n<meta property=\"og:url\" content=\"https:\/\/ebcosmetica.it\/?page_id=293\" \/>\n<meta property=\"og:site_name\" content=\"Prodotti per Estetica - EB Cosmetica Torino\" \/>\n<meta property=\"article:publisher\" content=\"https:\/\/it-it.facebook.com\/ebcosmetica\/\" \/>\n<meta property=\"article:modified_time\" content=\"2021-03-23T15:28:37+00:00\" \/>\n<meta name=\"twitter:card\" content=\"summary_large_image\" \/>\n<meta name=\"twitter:label1\" content=\"Tempo di lettura stimato\" \/>\n\t<meta name=\"twitter:data1\" content=\"7 minuti\" \/>\n<script type=\"application\/ld+json\" class=\"yoast-schema-graph\">{\"@context\":\"https:\\\/\\\/schema.org\",\"@graph\":[{\"@type\":\"WebPage\",\"@id\":\"https:\\\/\\\/ebcosmetica.it\\\/?page_id=293\",\"url\":\"https:\\\/\\\/ebcosmetica.it\\\/?page_id=293\",\"name\":\"Privacy Policy - EB Cosmetica - Prodotti per Estetica - EB Cosmetica Torino\",\"isPartOf\":{\"@id\":\"https:\\\/\\\/ebcosmetica.it\\\/#website\"},\"datePublished\":\"2019-04-02T12:57:41+00:00\",\"dateModified\":\"2021-03-23T15:28:37+00:00\",\"breadcrumb\":{\"@id\":\"https:\\\/\\\/ebcosmetica.it\\\/?page_id=293#breadcrumb\"},\"inLanguage\":\"it-IT\",\"potentialAction\":[{\"@type\":\"ReadAction\",\"target\":[\"https:\\\/\\\/ebcosmetica.it\\\/?page_id=293\"]}]},{\"@type\":\"BreadcrumbList\",\"@id\":\"https:\\\/\\\/ebcosmetica.it\\\/?page_id=293#breadcrumb\",\"itemListElement\":[{\"@type\":\"ListItem\",\"position\":1,\"name\":\"Home\",\"item\":\"https:\\\/\\\/ebcosmetica.it\\\/\"},{\"@type\":\"ListItem\",\"position\":2,\"name\":\"Privacy Policy &#8211; EB Cosmetica\"}]},{\"@type\":\"WebSite\",\"@id\":\"https:\\\/\\\/ebcosmetica.it\\\/#website\",\"url\":\"https:\\\/\\\/ebcosmetica.it\\\/\",\"name\":\"Prodotti per Estetica - EB Cosmetica Torino\",\"description\":\"prodotti per l&#039;estetica - ingrosso e dettaglio\",\"publisher\":{\"@id\":\"https:\\\/\\\/ebcosmetica.it\\\/#organization\"},\"potentialAction\":[{\"@type\":\"SearchAction\",\"target\":{\"@type\":\"EntryPoint\",\"urlTemplate\":\"https:\\\/\\\/ebcosmetica.it\\\/?s={search_term_string}\"},\"query-input\":{\"@type\":\"PropertyValueSpecification\",\"valueRequired\":true,\"valueName\":\"search_term_string\"}}],\"inLanguage\":\"it-IT\"},{\"@type\":\"Organization\",\"@id\":\"https:\\\/\\\/ebcosmetica.it\\\/#organization\",\"name\":\"EB COSMETICA Srl\",\"url\":\"https:\\\/\\\/ebcosmetica.it\\\/\",\"logo\":{\"@type\":\"ImageObject\",\"inLanguage\":\"it-IT\",\"@id\":\"https:\\\/\\\/ebcosmetica.it\\\/#\\\/schema\\\/logo\\\/image\\\/\",\"url\":\"https:\\\/\\\/ebcosmetica.it\\\/wp-content\\\/uploads\\\/2018\\\/10\\\/ebcosmetica_logo.png\",\"contentUrl\":\"https:\\\/\\\/ebcosmetica.it\\\/wp-content\\\/uploads\\\/2018\\\/10\\\/ebcosmetica_logo.png\",\"width\":500,\"height\":240,\"caption\":\"EB COSMETICA Srl\"},\"image\":{\"@id\":\"https:\\\/\\\/ebcosmetica.it\\\/#\\\/schema\\\/logo\\\/image\\\/\"},\"sameAs\":[\"https:\\\/\\\/it-it.facebook.com\\\/ebcosmetica\\\/\"]}]}<\/script>\n<!-- \/ Yoast SEO plugin. -->","yoast_head_json":{"title":"Privacy Policy - EB Cosmetica - Prodotti per Estetica - EB Cosmetica Torino","robots":{"index":"noindex","follow":"follow","max-snippet":"max-snippet:-1","max-image-preview":"max-image-preview:large","max-video-preview":"max-video-preview:-1"},"og_locale":"it_IT","og_type":"article","og_title":"Privacy Policy - EB Cosmetica - Prodotti per Estetica - EB Cosmetica Torino","og_description":"[vc_row css=&#8221;.vc_custom_1616513240328{padding: 30px !important;}&#8221;][vc_column][vc_column_text] NORMATIVA SULLA PRIVACY Informativa ai sensi dell&#8217;art. 13 del Codice della Privacy Ai sensi dell&#8217;articolo 13 del codice della D.Lgs. 196\/2003, vi rendiamo le seguenti informazioni. Noi di www.ebcosmetica.it riteniamo che la privacy dei nostri visitatori sia estremamente importante. Questo documento descrive dettagliatamente i tipi di informazioni personali raccolti e registrati [&hellip;]","og_url":"https:\/\/ebcosmetica.it\/?page_id=293","og_site_name":"Prodotti per Estetica - EB Cosmetica Torino","article_publisher":"https:\/\/it-it.facebook.com\/ebcosmetica\/","article_modified_time":"2021-03-23T15:28:37+00:00","twitter_card":"summary_large_image","twitter_misc":{"Tempo di lettura stimato":"7 minuti"},"schema":{"@context":"https:\/\/schema.org","@graph":[{"@type":"WebPage","@id":"https:\/\/ebcosmetica.it\/?page_id=293","url":"https:\/\/ebcosmetica.it\/?page_id=293","name":"Privacy Policy - EB Cosmetica - Prodotti per Estetica - EB Cosmetica Torino","isPartOf":{"@id":"https:\/\/ebcosmetica.it\/#website"},"datePublished":"2019-04-02T12:57:41+00:00","dateModified":"2021-03-23T15:28:37+00:00","breadcrumb":{"@id":"https:\/\/ebcosmetica.it\/?page_id=293#breadcrumb"},"inLanguage":"it-IT","potentialAction":[{"@type":"ReadAction","target":["https:\/\/ebcosmetica.it\/?page_id=293"]}]},{"@type":"BreadcrumbList","@id":"https:\/\/ebcosmetica.it\/?page_id=293#breadcrumb","itemListElement":[{"@type":"ListItem","position":1,"name":"Home","item":"https:\/\/ebcosmetica.it\/"},{"@type":"ListItem","position":2,"name":"Privacy Policy &#8211; EB Cosmetica"}]},{"@type":"WebSite","@id":"https:\/\/ebcosmetica.it\/#website","url":"https:\/\/ebcosmetica.it\/","name":"Prodotti per Estetica - EB Cosmetica Torino","description":"prodotti per l&#039;estetica - ingrosso e dettaglio","publisher":{"@id":"https:\/\/ebcosmetica.it\/#organization"},"potentialAction":[{"@type":"SearchAction","target":{"@type":"EntryPoint","urlTemplate":"https:\/\/ebcosmetica.it\/?s={search_term_string}"},"query-input":{"@type":"PropertyValueSpecification","valueRequired":true,"valueName":"search_term_string"}}],"inLanguage":"it-IT"},{"@type":"Organization","@id":"https:\/\/ebcosmetica.it\/#organization","name":"EB COSMETICA Srl","url":"https:\/\/ebcosmetica.it\/","logo":{"@type":"ImageObject","inLanguage":"it-IT","@id":"https:\/\/ebcosmetica.it\/#\/schema\/logo\/image\/","url":"https:\/\/ebcosmetica.it\/wp-content\/uploads\/2018\/10\/ebcosmetica_logo.png","contentUrl":"https:\/\/ebcosmetica.it\/wp-content\/uploads\/2018\/10\/ebcosmetica_logo.png","width":500,"height":240,"caption":"EB COSMETICA Srl"},"image":{"@id":"https:\/\/ebcosmetica.it\/#\/schema\/logo\/image\/"},"sameAs":["https:\/\/it-it.facebook.com\/ebcosmetica\/"]}]}},"_links":{"self":[{"href":"https:\/\/ebcosmetica.it\/index.php?rest_route=\/wp\/v2\/pages\/293","targetHints":{"allow":["GET"]}}],"collection":[{"href":"https:\/\/ebcosmetica.it\/index.php?rest_route=\/wp\/v2\/pages"}],"about":[{"href":"https:\/\/ebcosmetica.it\/index.php?rest_route=\/wp\/v2\/types\/page"}],"author":[{"embeddable":true,"href":"https:\/\/ebcosmetica.it\/index.php?rest_route=\/wp\/v2\/users\/1"}],"replies":[{"embeddable":true,"href":"https:\/\/ebcosmetica.it\/index.php?rest_route=%2Fwp%2Fv2%2Fcomments&post=293"}],"version-history":[{"count":4,"href":"https:\/\/ebcosmetica.it\/index.php?rest_route=\/wp\/v2\/pages\/293\/revisions"}],"predecessor-version":[{"id":3727,"href":"https:\/\/ebcosmetica.it\/index.php?rest_route=\/wp\/v2\/pages\/293\/revisions\/3727"}],"wp:attachment":[{"href":"https:\/\/ebcosmetica.it\/index.php?rest_route=%2Fwp%2Fv2%2Fmedia&parent=293"}],"curies":[{"name":"wp","href":"https:\/\/api.w.org\/{rel}","templated":true}]}}