{"id":228,"date":"2018-11-18T16:02:26","date_gmt":"2018-11-18T16:02:26","guid":{"rendered":"https:\/\/www.ebcosmetica.it\/?page_id=228"},"modified":"2021-03-23T15:15:41","modified_gmt":"2021-03-23T15:15:41","slug":"tempi-e-costi-di-spedizione","status":"publish","type":"page","link":"https:\/\/ebcosmetica.it\/?page_id=228","title":{"rendered":"Tempi e Costi di Spedizione"},"content":{"rendered":"<div class=\"wpb-content-wrapper\"><p>[vc_row css=&#8221;.vc_custom_1616512333789{padding: 30px !important;}&#8221;][vc_column][vc_column_text]Grazie alla vasta disponibilit\u00e0 a magazzino, Estetica Nuova \u00e8 in grado di garantire la massima rapidit\u00e0 nella consegna dei prodotti in tutta Italia. Estetica Nuova si affida da anni alla rapidit\u00e0 del Pacco Celere 3 di Poste Italiane; rapido, affidabile ed economico. In ogni caso \u00e8 possibile in qualsiasi momento concordare metodi di consegna ancora pi\u00f9 rapidi per le esigenze pi\u00f9 impellenti.<\/p>\n<h2><strong>TEMPI DI SPEDIZIONE:<\/strong><\/h2>\n<p>Il termine di consegna, salvo differenti esigenze concordate ed approvate dal Customer Service, \u00e8 mediamente di 8 giorni dall&#8217;invio dell&#8217;ordine (nel caso di forniture personalizzate il termine decorre dalla data di approvazione delle bozze di stampa).<\/p>\n<p>Come viene stimato questo tempo?<br \/>\nOltre alla disponibilit\u00e0 dei prodotti, bisogna tenere conto anche del tempo necessario alla gestione dell&#8217;ordine. Gli ordini con la consegna pi\u00f9 rapida sono quelli effettuati con pagamento on-line (Carta di Credito, PayPal) e con metodo di consegna con Corriere Espresso oppure con ritiro presso i nostri magazzini.<\/p>\n<p>Modalit\u00e0 di pagamento e metodo di consegna differenti possono modificare il tempo di spedizione. Ad esempio, tipologie di pagamento posticipato, come bonifico bancario possono prolungare la data di evasione ordine. In questi casi, l&#8217;ordine verr\u00e0 evaso alla ricezione della conferma dell&#8217;accredito in banca.<\/p>\n<p>I tempi indicati si riferiscono al giorno in cui affidiamo il tuo ordine al corriere per la gestione della consegna. Sulla maggior parte delle localit\u00e0 italiane la consegna avviene entro 1\/2 giorni lavorativi. La data indicata pu\u00f2 comunque subire variazioni in meglio o in peggio per motivi organizzativi e logistici.<\/p>\n<p>Una volta che hai confermato il tuo ordine e selezionato la modalit\u00e0 di pagamento e di consegna preferiti, Articolipubblicitari.it processa il tuo ordine e consegna il materiale al corriere per la spedizione presso la tua azienda.<\/p>\n<h2><strong>MODALITA&#8217; DI CONSEGNA<\/strong><\/h2>\n<p>Quando arriva il corriere? Non ero a casa e non ho potuto ritirare la merce, come faccio ora? Articolipubblicitari.it ti permette di scegliere la modalit\u00e0 di consegna che preferisci e che meglio incontra le tue necessit\u00e0:<\/p>\n<h4><strong>Ritiro presso nostro magazzino<\/strong><\/h4>\n<p>La soluzione pi\u00f9 veloce ed economica. Quando il tuo ordine sar\u00e0 pronto per il ritiro, ti avviseremo via mail.<\/p>\n<h4><strong>Corriere Espresso<\/strong><\/h4>\n<p>La modalit\u00e0 di consegna pi\u00f9 rapida presso la tua azienda: 1\/2 giorni lavorativi, salvo localit\u00e0 disagiate, da quando il corriere TNT ritira la merce presso il nostro magazzino.<\/p>\n<h4><strong>Corriere convenzionato con il cliente &#8211; Ritiro presso nostro magazzino<\/strong><\/h4>\n<p>La massima flessibilit\u00e0. Potrai inviare il tuo Corriere a ritirare la merce presso il nostro magazzino secondo le modalit\u00e0 e gli orari che ti verranno comunicati ad ordine pronto a mezzo mail.<\/p>\n<h2><strong>COSTO DI TRASPORTO<\/strong><\/h2>\n<p>Il costo di trasporto viene determinato in primo luogo in funzione dell&#8217;importo dell&#8217;ordine. Pu\u00f2 variare selezionando ulteriori servizi, come la consegna ad un orario concordato, o il ritiro presso i nostri magazzini. Il dettaglio dei costi sar\u00e0 sempre aggiornato nel carrello mano a mano che farai le tue scelte.<\/p>\n<h2><strong>RICEVIMENTO DEI TUOI ACQUISTI<\/strong><\/h2>\n<p>In ogni istante puoi controllare lo stato dei tuoi ordini online, dallo Stato ordini.<\/p>\n<p>Alcuni piccoli consigli per la ricezione della merce:<\/p>\n<p>Controlla che il numero dei colli consegnati corrispondano a quanto indicato nel documento di trasporto<\/p>\n<p>Controlla che l&#8217;imballo risulti integro e non alterato anche nei nastri di chiusura.<\/p>\n<p>Se possibile, disimballa subito il prodotto e verifica che non ci siano danni<\/p>\n<p>In caso di manomissioni e\/o rotture visibili dovrai immediatamente contestare la spedizione e\/o la consegna apponendo la scritta &#8220;RISERVA DI CONTROLLO MERCE PER &#8230;&#8221; (indicare la motivazione) sul documento di consegna ricevuto dal corriere.<\/p>\n<p>La segnalazione deve pervenire massimo entro 7 (sette) giorni dal ricevimento della merce, trascorsi i quali la merce verr\u00e0 considerata accettata[\/vc_column_text][\/vc_column][\/vc_row]<\/p>\n<\/div>","protected":false},"excerpt":{"rendered":"<p>[vc_row css=&#8221;.vc_custom_1616512333789{padding: 30px !important;}&#8221;][vc_column][vc_column_text]Grazie alla vasta disponibilit\u00e0 a magazzino, Estetica Nuova \u00e8 in grado di garantire la massima rapidit\u00e0 nella consegna dei prodotti in tutta Italia. Estetica Nuova si affida da anni alla rapidit\u00e0 del Pacco Celere 3 di Poste Italiane; rapido, affidabile ed economico. In ogni caso \u00e8 possibile in qualsiasi momento concordare metodi [&hellip;]<\/p>\n","protected":false},"author":1,"featured_media":0,"parent":0,"menu_order":0,"comment_status":"closed","ping_status":"closed","template":"","meta":{"_monsterinsights_skip_tracking":false,"_monsterinsights_sitenote_active":false,"_monsterinsights_sitenote_note":"","_monsterinsights_sitenote_category":0,"footnotes":""},"class_list":["post-228","page","type-page","status-publish","hentry"],"yoast_head":"<!-- This site is optimized with the Yoast SEO plugin v27.5 - https:\/\/yoast.com\/product\/yoast-seo-wordpress\/ -->\n<title>Tempi e Costi di Spedizione - Prodotti per Estetica - EB Cosmetica Torino<\/title>\n<meta name=\"robots\" content=\"noindex, follow, max-snippet:-1, max-image-preview:large, max-video-preview:-1\" \/>\n<meta property=\"og:locale\" content=\"it_IT\" \/>\n<meta property=\"og:type\" content=\"article\" \/>\n<meta property=\"og:title\" content=\"Tempi e Costi di Spedizione - Prodotti per Estetica - EB Cosmetica Torino\" \/>\n<meta property=\"og:description\" content=\"[vc_row css=&#8221;.vc_custom_1616512333789{padding: 30px !important;}&#8221;][vc_column][vc_column_text]Grazie alla vasta disponibilit\u00e0 a magazzino, Estetica Nuova \u00e8 in grado di garantire la massima rapidit\u00e0 nella consegna dei prodotti in tutta Italia. Estetica Nuova si affida da anni alla rapidit\u00e0 del Pacco Celere 3 di Poste Italiane; rapido, affidabile ed economico. In ogni caso \u00e8 possibile in qualsiasi momento concordare metodi [&hellip;]\" \/>\n<meta property=\"og:url\" content=\"https:\/\/ebcosmetica.it\/?page_id=228\" \/>\n<meta property=\"og:site_name\" content=\"Prodotti per Estetica - EB Cosmetica Torino\" \/>\n<meta property=\"article:publisher\" content=\"https:\/\/it-it.facebook.com\/ebcosmetica\/\" \/>\n<meta property=\"article:modified_time\" content=\"2021-03-23T15:15:41+00:00\" \/>\n<meta name=\"twitter:card\" content=\"summary_large_image\" \/>\n<meta name=\"twitter:label1\" content=\"Tempo di lettura stimato\" \/>\n\t<meta name=\"twitter:data1\" content=\"3 minuti\" \/>\n<script type=\"application\/ld+json\" class=\"yoast-schema-graph\">{\"@context\":\"https:\\\/\\\/schema.org\",\"@graph\":[{\"@type\":\"WebPage\",\"@id\":\"https:\\\/\\\/ebcosmetica.it\\\/?page_id=228\",\"url\":\"https:\\\/\\\/ebcosmetica.it\\\/?page_id=228\",\"name\":\"Tempi e Costi di Spedizione - Prodotti per Estetica - EB Cosmetica Torino\",\"isPartOf\":{\"@id\":\"https:\\\/\\\/ebcosmetica.it\\\/#website\"},\"datePublished\":\"2018-11-18T16:02:26+00:00\",\"dateModified\":\"2021-03-23T15:15:41+00:00\",\"breadcrumb\":{\"@id\":\"https:\\\/\\\/ebcosmetica.it\\\/?page_id=228#breadcrumb\"},\"inLanguage\":\"it-IT\",\"potentialAction\":[{\"@type\":\"ReadAction\",\"target\":[\"https:\\\/\\\/ebcosmetica.it\\\/?page_id=228\"]}]},{\"@type\":\"BreadcrumbList\",\"@id\":\"https:\\\/\\\/ebcosmetica.it\\\/?page_id=228#breadcrumb\",\"itemListElement\":[{\"@type\":\"ListItem\",\"position\":1,\"name\":\"Home\",\"item\":\"https:\\\/\\\/ebcosmetica.it\\\/\"},{\"@type\":\"ListItem\",\"position\":2,\"name\":\"Tempi e Costi di Spedizione\"}]},{\"@type\":\"WebSite\",\"@id\":\"https:\\\/\\\/ebcosmetica.it\\\/#website\",\"url\":\"https:\\\/\\\/ebcosmetica.it\\\/\",\"name\":\"Prodotti per Estetica - EB Cosmetica Torino\",\"description\":\"prodotti per l&#039;estetica - ingrosso e dettaglio\",\"publisher\":{\"@id\":\"https:\\\/\\\/ebcosmetica.it\\\/#organization\"},\"potentialAction\":[{\"@type\":\"SearchAction\",\"target\":{\"@type\":\"EntryPoint\",\"urlTemplate\":\"https:\\\/\\\/ebcosmetica.it\\\/?s={search_term_string}\"},\"query-input\":{\"@type\":\"PropertyValueSpecification\",\"valueRequired\":true,\"valueName\":\"search_term_string\"}}],\"inLanguage\":\"it-IT\"},{\"@type\":\"Organization\",\"@id\":\"https:\\\/\\\/ebcosmetica.it\\\/#organization\",\"name\":\"EB COSMETICA Srl\",\"url\":\"https:\\\/\\\/ebcosmetica.it\\\/\",\"logo\":{\"@type\":\"ImageObject\",\"inLanguage\":\"it-IT\",\"@id\":\"https:\\\/\\\/ebcosmetica.it\\\/#\\\/schema\\\/logo\\\/image\\\/\",\"url\":\"https:\\\/\\\/ebcosmetica.it\\\/wp-content\\\/uploads\\\/2018\\\/10\\\/ebcosmetica_logo.png\",\"contentUrl\":\"https:\\\/\\\/ebcosmetica.it\\\/wp-content\\\/uploads\\\/2018\\\/10\\\/ebcosmetica_logo.png\",\"width\":500,\"height\":240,\"caption\":\"EB COSMETICA Srl\"},\"image\":{\"@id\":\"https:\\\/\\\/ebcosmetica.it\\\/#\\\/schema\\\/logo\\\/image\\\/\"},\"sameAs\":[\"https:\\\/\\\/it-it.facebook.com\\\/ebcosmetica\\\/\"]}]}<\/script>\n<!-- \/ Yoast SEO plugin. -->","yoast_head_json":{"title":"Tempi e Costi di Spedizione - Prodotti per Estetica - EB Cosmetica Torino","robots":{"index":"noindex","follow":"follow","max-snippet":"max-snippet:-1","max-image-preview":"max-image-preview:large","max-video-preview":"max-video-preview:-1"},"og_locale":"it_IT","og_type":"article","og_title":"Tempi e Costi di Spedizione - Prodotti per Estetica - EB Cosmetica Torino","og_description":"[vc_row css=&#8221;.vc_custom_1616512333789{padding: 30px !important;}&#8221;][vc_column][vc_column_text]Grazie alla vasta disponibilit\u00e0 a magazzino, Estetica Nuova \u00e8 in grado di garantire la massima rapidit\u00e0 nella consegna dei prodotti in tutta Italia. Estetica Nuova si affida da anni alla rapidit\u00e0 del Pacco Celere 3 di Poste Italiane; rapido, affidabile ed economico. In ogni caso \u00e8 possibile in qualsiasi momento concordare metodi [&hellip;]","og_url":"https:\/\/ebcosmetica.it\/?page_id=228","og_site_name":"Prodotti per Estetica - EB Cosmetica Torino","article_publisher":"https:\/\/it-it.facebook.com\/ebcosmetica\/","article_modified_time":"2021-03-23T15:15:41+00:00","twitter_card":"summary_large_image","twitter_misc":{"Tempo di lettura stimato":"3 minuti"},"schema":{"@context":"https:\/\/schema.org","@graph":[{"@type":"WebPage","@id":"https:\/\/ebcosmetica.it\/?page_id=228","url":"https:\/\/ebcosmetica.it\/?page_id=228","name":"Tempi e Costi di Spedizione - Prodotti per Estetica - EB Cosmetica Torino","isPartOf":{"@id":"https:\/\/ebcosmetica.it\/#website"},"datePublished":"2018-11-18T16:02:26+00:00","dateModified":"2021-03-23T15:15:41+00:00","breadcrumb":{"@id":"https:\/\/ebcosmetica.it\/?page_id=228#breadcrumb"},"inLanguage":"it-IT","potentialAction":[{"@type":"ReadAction","target":["https:\/\/ebcosmetica.it\/?page_id=228"]}]},{"@type":"BreadcrumbList","@id":"https:\/\/ebcosmetica.it\/?page_id=228#breadcrumb","itemListElement":[{"@type":"ListItem","position":1,"name":"Home","item":"https:\/\/ebcosmetica.it\/"},{"@type":"ListItem","position":2,"name":"Tempi e Costi di Spedizione"}]},{"@type":"WebSite","@id":"https:\/\/ebcosmetica.it\/#website","url":"https:\/\/ebcosmetica.it\/","name":"Prodotti per Estetica - EB Cosmetica Torino","description":"prodotti per l&#039;estetica - ingrosso e dettaglio","publisher":{"@id":"https:\/\/ebcosmetica.it\/#organization"},"potentialAction":[{"@type":"SearchAction","target":{"@type":"EntryPoint","urlTemplate":"https:\/\/ebcosmetica.it\/?s={search_term_string}"},"query-input":{"@type":"PropertyValueSpecification","valueRequired":true,"valueName":"search_term_string"}}],"inLanguage":"it-IT"},{"@type":"Organization","@id":"https:\/\/ebcosmetica.it\/#organization","name":"EB COSMETICA Srl","url":"https:\/\/ebcosmetica.it\/","logo":{"@type":"ImageObject","inLanguage":"it-IT","@id":"https:\/\/ebcosmetica.it\/#\/schema\/logo\/image\/","url":"https:\/\/ebcosmetica.it\/wp-content\/uploads\/2018\/10\/ebcosmetica_logo.png","contentUrl":"https:\/\/ebcosmetica.it\/wp-content\/uploads\/2018\/10\/ebcosmetica_logo.png","width":500,"height":240,"caption":"EB COSMETICA Srl"},"image":{"@id":"https:\/\/ebcosmetica.it\/#\/schema\/logo\/image\/"},"sameAs":["https:\/\/it-it.facebook.com\/ebcosmetica\/"]}]}},"_links":{"self":[{"href":"https:\/\/ebcosmetica.it\/index.php?rest_route=\/wp\/v2\/pages\/228","targetHints":{"allow":["GET"]}}],"collection":[{"href":"https:\/\/ebcosmetica.it\/index.php?rest_route=\/wp\/v2\/pages"}],"about":[{"href":"https:\/\/ebcosmetica.it\/index.php?rest_route=\/wp\/v2\/types\/page"}],"author":[{"embeddable":true,"href":"https:\/\/ebcosmetica.it\/index.php?rest_route=\/wp\/v2\/users\/1"}],"replies":[{"embeddable":true,"href":"https:\/\/ebcosmetica.it\/index.php?rest_route=%2Fwp%2Fv2%2Fcomments&post=228"}],"version-history":[{"count":9,"href":"https:\/\/ebcosmetica.it\/index.php?rest_route=\/wp\/v2\/pages\/228\/revisions"}],"predecessor-version":[{"id":3724,"href":"https:\/\/ebcosmetica.it\/index.php?rest_route=\/wp\/v2\/pages\/228\/revisions\/3724"}],"wp:attachment":[{"href":"https:\/\/ebcosmetica.it\/index.php?rest_route=%2Fwp%2Fv2%2Fmedia&parent=228"}],"curies":[{"name":"wp","href":"https:\/\/api.w.org\/{rel}","templated":true}]}}